{"id":97,"date":"2022-03-22T09:20:56","date_gmt":"2022-03-22T09:20:56","guid":{"rendered":"https:\/\/ifsgen.umfst.ro\/?page_id=97"},"modified":"2025-10-03T10:35:44","modified_gmt":"2025-10-03T10:35:44","slug":"noutati","status":"publish","type":"page","link":"https:\/\/ifsgen.umfst.ro\/en\/noutati\/","title":{"rendered":"Conferences"},"content":{"rendered":"<p class=\" translation-block\">One of the main objectives of the IFSGen Network is to organize scientific events that contribute to the promotion and advancement of research on women\u2019s history and gender studies in Romania. We also aim to promote similar events organized by institutions in the country with the same purpose.<\/p>\r\n<p>The first initiative and invitation to dialogue of IFSGen took place between 8\u201310 September 2022, during the National Congress of Historians organized by the \u201c1 Decembrie 1918\u201d University of Alba Iulia, in collaboration with the Romanian Academy and the National Committee of Historians of Romania.\u00a0<\/p>\r\n<p>IFSGen has proposed a section titled: <em>'Women in the Romanian Space (18th-21st Century): Aspects, Perceptions, and Representations'<\/em>.<\/p>\r\n<p>In 2023, IFSGen inaugurated the IFSGen Conference Series, which has now reached its third edition (2025).<\/p>\r\n\r\n\r\n\r\n<p>&nbsp;<\/p>","protected":false},"excerpt":{"rendered":"<p>Unul dintre obiectivele principale ale Re\u021belei IFSGen este de a organiza evenimente \u0219tiin\u021bifice care s\u0103 contribuie la promovarea \u0219i aprofundarea studiilor referitoare la istoria femeilor \u0219i studiilor de gen \u00een Rom\u00e2nia. De asemenea, urm\u0103rim \u0219i promovarea unor evenimente cu tematic\u0103 similar\u0103 organizate de c\u0103tre institu\u021bii din \u021bar\u0103 cu acela\u0219i scop. Prima ini\u021biativ\u0103 \u0219i invita\u021bie la &hellip; <\/p>\n<p class=\"link-more\"><a href=\"https:\/\/ifsgen.umfst.ro\/en\/noutati\/\" class=\"more-link\">Read the full post &rarr;<span class=\"screen-reader-text\">&#8222;Conferin\u021be&#8221;<\/span><\/a><\/p>","protected":false},"author":1,"featured_media":0,"parent":0,"menu_order":0,"comment_status":"closed","ping_status":"closed","template":"","meta":{"footnotes":""},"_links":{"self":[{"href":"https:\/\/ifsgen.umfst.ro\/en\/wp-json\/wp\/v2\/pages\/97"}],"collection":[{"href":"https:\/\/ifsgen.umfst.ro\/en\/wp-json\/wp\/v2\/pages"}],"about":[{"href":"https:\/\/ifsgen.umfst.ro\/en\/wp-json\/wp\/v2\/types\/page"}],"author":[{"embeddable":true,"href":"https:\/\/ifsgen.umfst.ro\/en\/wp-json\/wp\/v2\/users\/1"}],"replies":[{"embeddable":true,"href":"https:\/\/ifsgen.umfst.ro\/en\/wp-json\/wp\/v2\/comments?post=97"}],"version-history":[{"count":15,"href":"https:\/\/ifsgen.umfst.ro\/en\/wp-json\/wp\/v2\/pages\/97\/revisions"}],"predecessor-version":[{"id":665,"href":"https:\/\/ifsgen.umfst.ro\/en\/wp-json\/wp\/v2\/pages\/97\/revisions\/665"}],"wp:attachment":[{"href":"https:\/\/ifsgen.umfst.ro\/en\/wp-json\/wp\/v2\/media?parent=97"}],"curies":[{"name":"wp","href":"https:\/\/api.w.org\/{rel}","templated":true}]}}