{"id":90,"date":"2022-03-22T09:18:51","date_gmt":"2022-03-22T09:18:51","guid":{"rendered":"https:\/\/ifsgen.umfst.ro\/?page_id=90"},"modified":"2022-04-11T11:01:46","modified_gmt":"2022-04-11T11:01:46","slug":"cum-devin-membru","status":"publish","type":"page","link":"https:\/\/ifsgen.umfst.ro\/en\/cum-devin-membru\/","title":{"rendered":"Join Us! \nHow to become a member?"},"content":{"rendered":"<p>IFSGen is open to all scholars interested in promoting women's and gender history studies. <\/p>\n\n\n\n<p>Membership is offered at no cost and can be obtained by filling out a membership application form. \n\nThe sole requirement is for members to actively contribute to the network's growth and to share their research within the network's covered areas.<\/p>\n\n\n\n<p>The application form can be found here: <\/p>\n\n\n\n<p> <a href=\"https:\/\/form.jotform.com\/220972826539365\" data-type=\"URL\" data-id=\"https:\/\/form.jotform.com\/220972826539365\" target=\"_blank\" rel=\"noreferrer noopener\">https:\/\/form.jotform.com\/220972826539365<\/a><\/p>\n\n\n\n<p><\/p>","protected":false},"excerpt":{"rendered":"<p>IFSGen este deschis\u0103 tuturor cercet\u0103torilor, indiferent de domeniu, interesa\u021bi de promovarea istoriei femeilor \u0219i studiilor de gen. Calitatea de membru este gratuit\u0103 \u0219i se face prin completarea unei cereri de adeziune. Singura condi\u021bie cerut\u0103 membrilor re\u021belei este de a contribui la dezvoltarea ei \u0219i de a \u00eemp\u0103rt\u0103\u0219i cercet\u0103rile proprii din domeniile vizate de re\u021bea. Pentru &hellip; <\/p>\n<p class=\"link-more\"><a href=\"https:\/\/ifsgen.umfst.ro\/en\/cum-devin-membru\/\" class=\"more-link\">Read the full post &rarr;<span class=\"screen-reader-text\">&#8222;Cum devin membru?&#8221;<\/span><\/a><\/p>","protected":false},"author":1,"featured_media":0,"parent":0,"menu_order":0,"comment_status":"closed","ping_status":"closed","template":"","meta":{"footnotes":""},"_links":{"self":[{"href":"https:\/\/ifsgen.umfst.ro\/en\/wp-json\/wp\/v2\/pages\/90"}],"collection":[{"href":"https:\/\/ifsgen.umfst.ro\/en\/wp-json\/wp\/v2\/pages"}],"about":[{"href":"https:\/\/ifsgen.umfst.ro\/en\/wp-json\/wp\/v2\/types\/page"}],"author":[{"embeddable":true,"href":"https:\/\/ifsgen.umfst.ro\/en\/wp-json\/wp\/v2\/users\/1"}],"replies":[{"embeddable":true,"href":"https:\/\/ifsgen.umfst.ro\/en\/wp-json\/wp\/v2\/comments?post=90"}],"version-history":[{"count":6,"href":"https:\/\/ifsgen.umfst.ro\/en\/wp-json\/wp\/v2\/pages\/90\/revisions"}],"predecessor-version":[{"id":180,"href":"https:\/\/ifsgen.umfst.ro\/en\/wp-json\/wp\/v2\/pages\/90\/revisions\/180"}],"wp:attachment":[{"href":"https:\/\/ifsgen.umfst.ro\/en\/wp-json\/wp\/v2\/media?parent=90"}],"curies":[{"name":"wp","href":"https:\/\/api.w.org\/{rel}","templated":true}]}}