{"id":67,"date":"2022-03-16T13:50:14","date_gmt":"2022-03-16T13:50:14","guid":{"rendered":"https:\/\/ifsgen.umfst.ro\/?page_id=67"},"modified":"2022-09-05T07:11:59","modified_gmt":"2022-09-05T07:11:59","slug":"stiri-si-evenimente","status":"publish","type":"page","link":"https:\/\/ifsgen.umfst.ro\/en\/stiri-si-evenimente\/","title":{"rendered":"News and Events"},"content":{"rendered":"<p>IFSGen are ca obiectiv diseminarea tuturor evenimentelor \u0219i publica\u021biilor din domeniul istoriei femeilor \u0219i al studiilor de gen. Dorin\u021ba noastr\u0103 este de a promova \u0219i de a cre\u0219te nivelul de cunoa\u0219tere al acestor domenii de cercetare. <\/p>\n\n\n\n<p>Dac\u0103 dori\u021bi s\u0103 promova\u021bi un astfel de eveniment sau o apar\u021bie editorial\u0103 din domeniu va rug\u0103m s\u0103 ne contacta\u021bi.<\/p>","protected":false},"excerpt":{"rendered":"<p>IFSGen are ca obiectiv diseminarea tuturor evenimentelor \u0219i publica\u021biilor din domeniul istoriei femeilor \u0219i al studiilor de gen. Dorin\u021ba noastr\u0103 este de a promova \u0219i de a cre\u0219te nivelul de cunoa\u0219tere al acestor domenii de cercetare. Dac\u0103 dori\u021bi s\u0103 promova\u021bi un astfel de eveniment sau o apar\u021bie editorial\u0103 din domeniu va rug\u0103m s\u0103 ne contacta\u021bi.<\/p>","protected":false},"author":1,"featured_media":0,"parent":0,"menu_order":0,"comment_status":"closed","ping_status":"closed","template":"","meta":{"footnotes":""},"_links":{"self":[{"href":"https:\/\/ifsgen.umfst.ro\/en\/wp-json\/wp\/v2\/pages\/67"}],"collection":[{"href":"https:\/\/ifsgen.umfst.ro\/en\/wp-json\/wp\/v2\/pages"}],"about":[{"href":"https:\/\/ifsgen.umfst.ro\/en\/wp-json\/wp\/v2\/types\/page"}],"author":[{"embeddable":true,"href":"https:\/\/ifsgen.umfst.ro\/en\/wp-json\/wp\/v2\/users\/1"}],"replies":[{"embeddable":true,"href":"https:\/\/ifsgen.umfst.ro\/en\/wp-json\/wp\/v2\/comments?post=67"}],"version-history":[{"count":4,"href":"https:\/\/ifsgen.umfst.ro\/en\/wp-json\/wp\/v2\/pages\/67\/revisions"}],"predecessor-version":[{"id":280,"href":"https:\/\/ifsgen.umfst.ro\/en\/wp-json\/wp\/v2\/pages\/67\/revisions\/280"}],"wp:attachment":[{"href":"https:\/\/ifsgen.umfst.ro\/en\/wp-json\/wp\/v2\/media?parent=67"}],"curies":[{"name":"wp","href":"https:\/\/api.w.org\/{rel}","templated":true}]}}