{"id":658,"date":"2025-09-29T10:43:43","date_gmt":"2025-09-29T10:43:43","guid":{"rendered":"https:\/\/ifsgen.umfst.ro\/?page_id=658"},"modified":"2025-12-08T12:11:09","modified_gmt":"2025-12-08T12:11:09","slug":"conferinta-ifsgen-iii-2025","status":"publish","type":"page","link":"https:\/\/ifsgen.umfst.ro\/en\/","title":{"rendered":"The Third IFSGen Conference:  III\/2025"},"content":{"rendered":"<div class=\"wp-block-columns is-layout-flex wp-container-core-columns-is-layout-2 wp-block-columns-is-layout-flex\">\n<div class=\"wp-block-column is-layout-flow wp-block-column-is-layout-flow\" style=\"flex-basis:100%\">\n<p class=\" translation-block\">IFSGen. The Network for Women and Gender History, is pleased to invite you to the third conference in the IFSGen series.<\/p>\n\n\n\n<div class=\"wp-block-columns is-layout-flex wp-container-core-columns-is-layout-1 wp-block-columns-is-layout-flex\">\n<div class=\"wp-block-column is-layout-flow wp-block-column-is-layout-flow\">\n<div class=\"wp-block-media-text has-media-on-the-right is-stacked-on-mobile\" style=\"grid-template-columns:auto 85%\"><div class=\"wp-block-media-text__content\">\n<p><\/p>\n<\/div><figure class=\"wp-block-media-text__media\"><img loading=\"lazy\" decoding=\"async\" width=\"819\" height=\"1024\" src=\"https:\/\/ifsgen.umfst.ro\/wp-content\/uploads\/2025\/11\/insta-IFSGen_ok_en.jpg\" alt=\"\" class=\"wp-image-671 size-full\" srcset=\"https:\/\/ifsgen.umfst.ro\/wp-content\/uploads\/2025\/11\/insta-IFSGen_ok_en.jpg 1080w, https:\/\/ifsgen.umfst.ro\/wp-content\/uploads\/2025\/11\/insta-IFSGen_ok_en-240x300.jpg 240w, https:\/\/ifsgen.umfst.ro\/wp-content\/uploads\/2025\/11\/insta-IFSGen_ok_en-819x1024.jpg 819w, https:\/\/ifsgen.umfst.ro\/wp-content\/uploads\/2025\/11\/insta-IFSGen_ok_en-768x960.jpg 768w, https:\/\/ifsgen.umfst.ro\/wp-content\/uploads\/2025\/11\/insta-IFSGen_ok_en-10x12.jpg 10w\" sizes=\"(max-width: 819px) 100vw, 819px\" \/><\/figure><\/div>\n<\/div>\n\n\n\n<div class=\"wp-block-column is-layout-flow wp-block-column-is-layout-flow\">\n<p><\/p>\n\n\n\n<p><\/p>\n\n\n\n<p class=\"has-text-align-center\"><strong>Silence, Trauma, Memory: A History of Violence Against Women. Historical and Contemporary Perspectives<\/strong><\/p>\n\n\n\n<p class=\"has-text-align-center\"><strong>11th-13th December 2025, \nOnline format<\/strong><\/p>\n\n\n\n<p class=\"has-text-align-center\">PROGRAMUL CONFERIN\u021aEI ESTE DISPONIBIL <a href=\"https:\/\/ifsgen.umfst.ro\/wp-content\/uploads\/2025\/12\/Program_-Conferinta-IFSGen-III2025-1.pdf\">AICI<\/a><\/p>\n\n\n\n<p class=\"has-text-align-center\">CONSULT\u0102 CARTEA REZUMATELOR <a href=\"https:\/\/ifsgen.umfst.ro\/wp-content\/uploads\/2025\/12\/Rezumate_Conferinta-IFSGen-III2025.pdf\">AICI<\/a><\/p>\n<\/div>\n<\/div>\n<\/div>\n<\/div>\n\n\n\n<p class=\"has-text-align-left\">As historian Teodor Nicoar\u0103 notes, humanity has endured various forms of violence throughout history: from rural unrest like riots and tumults, to pre-modern and modern conflicts such as revolutions, wars (civil and religious), judicial and domestic violence. Some of these acts have even reached pathological levels, including passional crimes, violent crimes, political upheavals, and murders of all kinds. Urban violence, protests, and appeals have also been evident, leading to more extreme instances in recent times\u2014such as terror (Bolshevik, Nazi, communist, etc.), war, and severe violence like the Holocaust and genocide, culminating in contemporary suicidal terrorism.<\/p>\n\n\n\n<p>We are therefore talking about a plurality of manifestations, from physical, symbolic, military, and mental violence in which elements like gender, class, race, or ethnicity could be invoked or used as reasons for violence. Any act of aggression, whether small-scale or large-scale, requires the creation of a justification for the act.<\/p>\n\n\n\n<p class=\" translation-block\">Concern for the analysis and understanding of forms and acts of violence, from a historical or interdisciplinary perspective, is reflected in consistent international scientific production. For example, we mention the works published by Norbert Elias, The Civilizing Process, 1939; Michel Foucault, Surveiller et punir, 1975; or Robert Muchembled, Une histoire de la violence: De la fin du Moyen \u00c2ge \u00e0 nos jours, 2008.<\/p>\n\n\n\n<p class=\" translation-block\">Regarding the Romanian space, concerns about female violence have developed especially researchers in areas such as gender studies. With landmark value we mention the works signed by: Ruxandra Cesereanu (Imaginarul violent al rom\u00e2nilor, Bucure\u0219ti, Humanitas, 2003), Mihaela Miroiu (Nepre\u021buitele femei. Patriarhat, feminism \u0219i schimbare social\u0103, Ia\u0219i, Polirom, 2006) or Ionela B\u0103lu\u0163\u0103, Tufi\u015f Claudiu (Barometrul violen\u0163ei de gen 2022: violen\u0163a \u00eempotriva femeilor \u00een Rom\u00e2nia: reprezent\u0103ri, percep\u021bii, Cluj-Napoca: Presa Universitar\u0103 Clujean\u0103 : Dota, 2022).<\/p>\n\n\n\n<p>Unfortunately, Romanian historical writing generally lacks in addressing this theme, with few exceptions like Prof. T. Nicoar\u0103's work on violence or Nicoleta Roman's studies on domestic violence. Are documentary limitations enough to explain this? Or is it because the subject is considered 'uncomfortable\", tied to social taboos, and often concealed due to fear, shame, or victimization? These are some of the questions we aim to explore at this conference.<\/p>\n\n\n\n<p>History does not offer solutions or forecasts, but it aids in understanding the processes, events, and factors that have led women to become victims of various forms of violence. Combining historical perspectives with insights from psychology, sociology, and gender studies can help explore the origins, diversity, and causes behind the statistics and grim realities in Romania in 2025. At the time of preparing this call for the current year, there had already been registered 30 cases of femicides, along with thousands of domestic violence cases recorded annually, averaging 14 cases per hour in the first months of 2025.<\/p>\n\n\n\n<p>We welcome proposals from disciplines like family history, social history, law, cultural studies, military history, and medical history that can enrich our understanding of violence through dialogue. While our main focus is on domestic violence, we also encourage submissions on related subjects.<\/p>\n\n\n\n<p>We also invite researchers from related fields\u2014such as gender studies, psychology, sociology, and public policy\u2014to join a dialogue. The goal is to understand the occurrence and acceptance of the phenomenon, and to contribute to the analysis of stereotypes (e.g., women, described as created from Adam's rib, seen as inferior and submissive) and prejudices (e.g., the \u2018van is torn from heaven...\u2019).<\/p>\n\n\n\n<p><strong>Topics we aim to address:<\/strong><\/p>\n\n\n\n<ul>\n<li>Domestic violence;<\/li>\n\n\n\n<li>Evolution of norms and legal frameworks for classifying violence;<\/li>\n\n\n\n<li>Spousal relationships;<\/li>\n\n\n\n<li>Collective violence;<\/li>\n\n\n\n<li>Wars and violence against women;<\/li>\n\n\n\n<li>The concentration phenomenon (prisons, punishments);<\/li>\n\n\n\n<li>The female crime phenomenon;<\/li>\n\n\n\n<li>Trauma and social stigma.<\/li>\n<\/ul>\n\n\n\n<p class=\" translation-block\">The conference will take place online.\nWe invite you to send us your proposals, in the form of a summary, in Romanian and in English Proposals will be submitted electronically by completing the available form here: https:\/\/form.jotform.com\/252653686398373<\/p>\n\n\n\n<p>Termenul limit\u0103: <strong>10 noiembrie2025<\/strong>.<\/p>\n\n\n\n<p>Toate propunerile primite vor fi supuse unui proces de evaluare. Lista lucr\u0103rilor selectate va fi comunicat\u0103 p\u00e2n\u0103 pe data de <strong>17 noiembrie 2025<\/strong>. V\u0103 rug\u0103m s\u0103 consulta\u021bi site-ul conferin\u021bei sau s\u0103 urm\u0103ri\u021bi e-mailurile oficiale pentru detalii privind acceptarea \u0219i programul conferin\u021bei.<\/p>\n\n\n\n<p>For more information:<\/p>\n\n\n\n<figure class=\"wp-block-embed is-type-wp-embed is-provider-ifsgen wp-block-embed-ifsgen\"><div class=\"wp-block-embed__wrapper\">\n<blockquote class=\"wp-embedded-content\" data-secret=\"2eCLRxyZiC\"><a href=\"https:\/\/ifsgen.umfst.ro\/en\/noutati\/\">Conferences<\/a><\/blockquote><iframe class=\"wp-embedded-content\" sandbox=\"allow-scripts\" security=\"restricted\" style=\"position: absolute; clip: rect(1px, 1px, 1px, 1px);\" title=\"&#8220;Conferin\u021be&#8221; &#8212; IFSGen\" src=\"https:\/\/ifsgen.umfst.ro\/noutati\/embed\/#?secret=uc2TZW49k6#?secret=2eCLRxyZiC\" data-secret=\"2eCLRxyZiC\" width=\"600\" height=\"338\" frameborder=\"0\" marginwidth=\"0\" marginheight=\"0\" scrolling=\"no\"><\/iframe>\n<\/div><\/figure>\n\n\n\n<p>Email: <a href=\"mailto:ifsgen@umfst.ro\">ifsgen@umfst.ro<\/a><\/p>\n\n\n\n<p>Contact persons:<\/p>\n\n\n\n<p class=\" translation-block\">Associate Professor Georgeta Fodor, UMFST \u201eG. E. Palade\u201d, T\u00e2rgu Mure\u0219, georgeta.fodor@umfst.ro<\/p>\n\n\n\n<p class=\" translation-block\">Scientific Researcher Daniela Dete\u0219an, Institutul de Istorie \u201eGeorge Bari\u021biu\u201d, Cluj-Napoca, detesan31@gmail.com<\/p>\n\n\n\n<p class=\" translation-block\">Documentarist Claudia Septimia Sab\u0103u, Universitatea Babe\u0219-Bolyai, Cluj-Napoca, claudia.sabau@ubbcluj.ro<\/p>","protected":false},"excerpt":{"rendered":"<p>IFSGen. Re\u021beaua pentru cercetarea istoriei femeilor \u0219i promovarea studiilor de gen \u00een spa\u021biul rom\u00e2nesc are onoarea de a v\u0103 invita la a treia conferin\u021b\u0103 din seria conferin\u021belor IFSGen: T\u0102CERE, TRAUM\u0102, MEMORIE: O ISTORIE A VIOLEN\u021aEI \u00ceMPOTRIVA FEMEILOR. PERSPECTIVE ISTORICE \u0218I CONTEMPORANE 11-13 decembrie 2025, Online PROGRAMUL CONFERIN\u021aEI ESTE DISPONIBIL AICI CONSULT\u0102 CARTEA REZUMATELOR AICI Dup\u0103 &hellip; <\/p>\n<p class=\"link-more\"><a href=\"https:\/\/ifsgen.umfst.ro\/en\/\" class=\"more-link\">Read the full post &rarr;<span class=\"screen-reader-text\">&#8222;Conferin\u021ba IFSGen III\/2025&#8221;<\/span><\/a><\/p>","protected":false},"author":1,"featured_media":0,"parent":97,"menu_order":1,"comment_status":"closed","ping_status":"closed","template":"","meta":{"footnotes":""},"_links":{"self":[{"href":"https:\/\/ifsgen.umfst.ro\/en\/wp-json\/wp\/v2\/pages\/658"}],"collection":[{"href":"https:\/\/ifsgen.umfst.ro\/en\/wp-json\/wp\/v2\/pages"}],"about":[{"href":"https:\/\/ifsgen.umfst.ro\/en\/wp-json\/wp\/v2\/types\/page"}],"author":[{"embeddable":true,"href":"https:\/\/ifsgen.umfst.ro\/en\/wp-json\/wp\/v2\/users\/1"}],"replies":[{"embeddable":true,"href":"https:\/\/ifsgen.umfst.ro\/en\/wp-json\/wp\/v2\/comments?post=658"}],"version-history":[{"count":9,"href":"https:\/\/ifsgen.umfst.ro\/en\/wp-json\/wp\/v2\/pages\/658\/revisions"}],"predecessor-version":[{"id":687,"href":"https:\/\/ifsgen.umfst.ro\/en\/wp-json\/wp\/v2\/pages\/658\/revisions\/687"}],"up":[{"embeddable":true,"href":"https:\/\/ifsgen.umfst.ro\/en\/wp-json\/wp\/v2\/pages\/97"}],"wp:attachment":[{"href":"https:\/\/ifsgen.umfst.ro\/en\/wp-json\/wp\/v2\/media?parent=658"}],"curies":[{"name":"wp","href":"https:\/\/api.w.org\/{rel}","templated":true}]}}