{"id":65,"date":"2022-03-16T13:49:28","date_gmt":"2022-03-16T13:49:28","guid":{"rendered":"https:\/\/ifsgen.umfst.ro\/?page_id=65"},"modified":"2022-05-16T10:33:01","modified_gmt":"2022-05-16T10:33:01","slug":"membri","status":"publish","type":"page","link":"https:\/\/ifsgen.umfst.ro\/en\/membri\/","title":{"rendered":"Members"},"content":{"rendered":"<p>IFSGen is a network dedicated to all researchers interested in promoting women's history and gender studies <\/p>\n\n\n\n<p>IFSGen is coordinated by:<\/p>\n\n\n\n<ul><li>Associate Professor Ph.D. Georgeta Fodor (George Emil Palade University of Medicine, Pharmacy, Sciences and Technology of Targu Mures, Romania)<\/li><li>Ph.D. Claudia-Septimia Sab\u0103u (Babe\u0219-Bolyai University of Cluj-Napoca, University Cultural Heritage Directorate (DPCU), Cluj-Napoca, Romania)\u00a0<\/li><li>Scientific Researcher Ph.D. Daniela Dete\u0219an (George Bari\u021biu Insitute of the Romanian Academy, Cluj-Napoca, Romania)<\/li><li>Associate Professor Ph.D. Oana-Ramona Ilovan (Research Center for Territorial Identities and Development (ITD) within the Faculty of Geography, Babe\u0219-Bolyai University in Cluj-Napoca, Romania)<\/li><\/ul>\n\n\n\n<p>they are the founding members of the network which has today more than 40 active members. <\/p>","protected":false},"excerpt":{"rendered":"<p>IFSGen este o re\u021bea destinat\u0103 tuturor cercet\u0103torilor interesa\u021bi de promovarea istoriei femeilor \u0219i a studiilor de gen. IFSGen este coordonat\u0103 de c\u0103tre: conf. univ. dr. Georgeta Fodor (Universitatea de Medicin\u0103, Farmacie, \u0218tiin\u021be \u0219i Tehnologie \u201eGeorge Emil Palade\u201d din T\u00e2rgu Mure\u0219), dr. Claudia Septimia Sab\u0103u (Universitatea Babe\u0219-Bolyai din Cluj-Napoca, Direc\u021bia Patrimoniu Cultural Universitar (DPCU), Cluj-Napoca),\u00a0 conf. &hellip; <\/p>\n<p class=\"link-more\"><a href=\"https:\/\/ifsgen.umfst.ro\/en\/membri\/\" class=\"more-link\">Read the full post &rarr;<span class=\"screen-reader-text\">&#8222;Membri&#8221;<\/span><\/a><\/p>","protected":false},"author":1,"featured_media":0,"parent":0,"menu_order":2,"comment_status":"closed","ping_status":"closed","template":"","meta":{"footnotes":""},"_links":{"self":[{"href":"https:\/\/ifsgen.umfst.ro\/en\/wp-json\/wp\/v2\/pages\/65"}],"collection":[{"href":"https:\/\/ifsgen.umfst.ro\/en\/wp-json\/wp\/v2\/pages"}],"about":[{"href":"https:\/\/ifsgen.umfst.ro\/en\/wp-json\/wp\/v2\/types\/page"}],"author":[{"embeddable":true,"href":"https:\/\/ifsgen.umfst.ro\/en\/wp-json\/wp\/v2\/users\/1"}],"replies":[{"embeddable":true,"href":"https:\/\/ifsgen.umfst.ro\/en\/wp-json\/wp\/v2\/comments?post=65"}],"version-history":[{"count":7,"href":"https:\/\/ifsgen.umfst.ro\/en\/wp-json\/wp\/v2\/pages\/65\/revisions"}],"predecessor-version":[{"id":262,"href":"https:\/\/ifsgen.umfst.ro\/en\/wp-json\/wp\/v2\/pages\/65\/revisions\/262"}],"wp:attachment":[{"href":"https:\/\/ifsgen.umfst.ro\/en\/wp-json\/wp\/v2\/media?parent=65"}],"curies":[{"name":"wp","href":"https:\/\/api.w.org\/{rel}","templated":true}]}}