{"id":515,"date":"2024-04-24T14:46:46","date_gmt":"2024-04-24T14:46:46","guid":{"rendered":"https:\/\/ifsgen.umfst.ro\/?page_id=515"},"modified":"2026-03-06T14:44:27","modified_gmt":"2026-03-06T14:44:27","slug":"din-activitatile-membrilor-ifsgen","status":"publish","type":"page","link":"https:\/\/ifsgen.umfst.ro\/en\/din-activitatile-membrilor-ifsgen\/","title":{"rendered":"Independent Activities of IFSGen Members"},"content":{"rendered":"<p>IFSGen \u00eencurajeaz\u0103 dialogul interdisciplinar \u0219i colaborarea \u00eentre speciali\u0219ti din diverse domenii, sus\u021bin\u00e2nd vizibilitatea proiectelor, publica\u021biilor \u0219i evenimentelor relevante pentru istoria femeilor, istorie \u0219i studii de gen. Promovarea acestoa se realizeaz\u0103  pe m\u0103sura semnal\u0103rii lor de c\u0103tre autori, membrii \u0219i prietenii re\u021belei. <\/p>\n\n\n\n<p>Claudia-Florentina Dobre, ed., <strong><em>Pove\u0219ti de via\u021b\u0103 din comunism. Represiune \u0219i cotidian<\/em><\/strong>. T\u00e2rgovi\u0219te, Editura Cetatea de Scaun, 2025, 339 p. ISBN: 978-606-537-811-7<\/p>\n\n\n\n<div class=\"wp-block-media-text is-stacked-on-mobile is-vertically-aligned-center\" style=\"grid-template-columns:31% auto\"><figure class=\"wp-block-media-text__media\"><img loading=\"lazy\" decoding=\"async\" width=\"1000\" height=\"1000\" src=\"https:\/\/ifsgen.umfst.ro\/wp-content\/uploads\/2026\/03\/Povesti-de-viata-din-comunism-1.jpg\" alt=\"\" class=\"wp-image-741 size-full\" srcset=\"https:\/\/ifsgen.umfst.ro\/wp-content\/uploads\/2026\/03\/Povesti-de-viata-din-comunism-1.jpg 1000w, https:\/\/ifsgen.umfst.ro\/wp-content\/uploads\/2026\/03\/Povesti-de-viata-din-comunism-1-300x300.jpg 300w, https:\/\/ifsgen.umfst.ro\/wp-content\/uploads\/2026\/03\/Povesti-de-viata-din-comunism-1-150x150.jpg 150w, https:\/\/ifsgen.umfst.ro\/wp-content\/uploads\/2026\/03\/Povesti-de-viata-din-comunism-1-768x768.jpg 768w, https:\/\/ifsgen.umfst.ro\/wp-content\/uploads\/2026\/03\/Povesti-de-viata-din-comunism-1-12x12.jpg 12w\" sizes=\"(max-width: 1000px) 100vw, 1000px\" \/><\/figure><div class=\"wp-block-media-text__content\">\n<p class=\"has-text-align-left\">Volumul de interviuri \u0219i-a propus s\u0103 dea voce unor persoane obi\u0219nuite care au trecut prin comunism, alese aleatoriu, de v\u00e2rste diferite, provenind din medii sociale diverse, cu experien\u021be de via\u021b\u0103 extraordinare \u0219i\/sau comune multor cet\u0103\u021beni ai Rom\u00e2niei. Sunt 21 de femei \u0219i b\u0103rba\u021bi, intelectuali, muncitori, \u021b\u0103rani, care au depus m\u0103rturie despre via\u021ba lor \u0219i a celorlal\u021bi \u00een epoca comunist\u0103.<\/p>\n\n\n\n<p><\/p>\n<\/div><\/div>\n\n\n\n<p>Claudia-Florentina Dobre, <em style=\"font-size: revert; text-indent: 0in; color: initial;\"><b><span lang=\"RO\">Fostele de\u021binute politic \u0219i Securitatea. Studiu de caz<\/span><\/b><span lang=\"RO\" style=\"mso-bidi-font-size:12.0pt;mso-ansi-language:RO;font-style:normal\">, T<\/span><\/em><span lang=\"RO\" style=\"font-size: revert; text-indent: 0in; color: initial;\">\u00e2rgovi\u0219te, Cetatea de Scaun, 2023, 370 p. ISBN: 978-606-537-626-7.<\/span><\/p>\n\n\n\n<div class=\"wp-block-media-text is-stacked-on-mobile is-vertically-aligned-center\" style=\"grid-template-columns:34% auto\"><figure class=\"wp-block-media-text__media\"><img loading=\"lazy\" decoding=\"async\" width=\"1000\" height=\"1000\" src=\"https:\/\/ifsgen.umfst.ro\/wp-content\/uploads\/2026\/03\/Fostele-detinute-politic.jpg\" alt=\"\" class=\"wp-image-742 size-full\" srcset=\"https:\/\/ifsgen.umfst.ro\/wp-content\/uploads\/2026\/03\/Fostele-detinute-politic.jpg 1000w, https:\/\/ifsgen.umfst.ro\/wp-content\/uploads\/2026\/03\/Fostele-detinute-politic-300x300.jpg 300w, https:\/\/ifsgen.umfst.ro\/wp-content\/uploads\/2026\/03\/Fostele-detinute-politic-150x150.jpg 150w, https:\/\/ifsgen.umfst.ro\/wp-content\/uploads\/2026\/03\/Fostele-detinute-politic-768x768.jpg 768w, https:\/\/ifsgen.umfst.ro\/wp-content\/uploads\/2026\/03\/Fostele-detinute-politic-12x12.jpg 12w\" sizes=\"(max-width: 1000px) 100vw, 1000px\" \/><\/figure><div class=\"wp-block-media-text__content\">\n<p>Volumul se apleac\u0103 asupra construirii identit\u0103\u021bii individuale \u0219i sociale al unui grup de foste de\u021binute politic din clasa de mijloc interbelic\u0103 prin intermediul discursului lor memorial postcomunist, precum \u0219i prin prisma documentelor elaborate de organele represive comuniste, \u00eenregistrat \u0219i arhivat \u00een dosarele de Securitate ale acestor femei. Dac\u0103 discursul memorial al celor \u0219apte foste de\u021binute politic pune \u00een eviden\u021b\u0103 construirea, afirmarea \u0219i transmiterea unei identit\u0103\u021bi personale \u0219i de grup caracterizat\u0103 de anticomunism, discursul Securit\u0103\u021bii \u0219i al celorlalte autorit\u0103\u021bi represive definesc aceste femei drept \u201edu\u0219mance ale poporului\u201d.<\/p>\n<\/div><\/div>\n\n\n\n<p>Claudia-Florentina Dobre, <strong><em>Martore f\u0103r\u0103 voie. Fostele de\u021binute politic \u0219i memoria comunismului \u00een Rom\u00e2nia<\/em><\/strong><em>, <\/em>T\u00e2rgovi\u0219te, Cetatea de Scaun, 2021, 325 p. ISBN: 978-606-537-512-3.<\/p>\n\n\n\n<div class=\"wp-block-media-text is-stacked-on-mobile\" style=\"grid-template-columns:22% auto\"><figure class=\"wp-block-media-text__media\"><img loading=\"lazy\" decoding=\"async\" width=\"600\" height=\"896\" src=\"https:\/\/ifsgen.umfst.ro\/wp-content\/uploads\/2026\/03\/21717255-1.png\" alt=\"\" class=\"wp-image-746 size-full\" srcset=\"https:\/\/ifsgen.umfst.ro\/wp-content\/uploads\/2026\/03\/21717255-1.png 600w, https:\/\/ifsgen.umfst.ro\/wp-content\/uploads\/2026\/03\/21717255-1-201x300.png 201w, https:\/\/ifsgen.umfst.ro\/wp-content\/uploads\/2026\/03\/21717255-1-8x12.png 8w\" sizes=\"(max-width: 600px) 100vw, 600px\" \/><\/figure><div class=\"wp-block-media-text__content\">\n<p>Analiza s-a concentrat \u00eendeosebi asupra m\u0103rturiilor fostelor de\u021binute politic care au fost examinate din trei perspective: cea a martorului (referitor la acest aspect constat\u00e2nd c\u0103 femeile nu \u0219i-au asumat o pozi\u021bie de gen, m\u0103rturiile lor contribuind la procesul de denun\u021bare a crimelor comunismului, la revendicarea drepturilor fo\u0219tilor persecuta\u021bi politici, precum \u0219i la transmiterea memoriei represiunii); cea referitoare la rolul \u0219i limitele m\u0103rturiilor \u0219i cea a identit\u0103\u021bii de gen .<\/p>\n<\/div><\/div>\n\n\n\n<p>Claudia-Florentina Dobre, ed., <strong><em>Eroine ne\u0219tiute. Via\u021ba cotidian\u0103 a femeilor \u00een perioada comunist\u0103 \u00een Polonia, Rom\u00e2nia \u0219i RDG. Studii de caz<\/em><\/strong>, T\u00e2rgovi\u0219te, EdituraCetatea de Scaun, 2020, 329 p. ISBN: 978-606-537-504-8<\/p>\n\n\n\n<div class=\"wp-block-media-text is-stacked-on-mobile\" style=\"grid-template-columns:24% auto\"><figure class=\"wp-block-media-text__media\"><img loading=\"lazy\" decoding=\"async\" width=\"600\" height=\"850\" src=\"https:\/\/ifsgen.umfst.ro\/wp-content\/uploads\/2026\/03\/20959823-1.png\" alt=\"\" class=\"wp-image-748 size-full\" srcset=\"https:\/\/ifsgen.umfst.ro\/wp-content\/uploads\/2026\/03\/20959823-1.png 600w, https:\/\/ifsgen.umfst.ro\/wp-content\/uploads\/2026\/03\/20959823-1-212x300.png 212w, https:\/\/ifsgen.umfst.ro\/wp-content\/uploads\/2026\/03\/20959823-1-8x12.png 8w\" sizes=\"(max-width: 600px) 100vw, 600px\" \/><\/figure><div class=\"wp-block-media-text__content\">\n<p>Lucrarea cuprinde povestea comunismului v\u0103zut de la firul ierbii din perspectiv\u0103 feminin\u0103. Volumul pune \u00een lumin\u0103 dimensiunile, cadrele \u0219i limitele \u201enormalit\u0103\u021bii\u201d impuse de acest regim \u00een Polonia, Rom\u00e2nia \u0219i RDG. Adaptarea la aceast\u0103 normalitate presupunea, pe de o parte, conformarea la noile legi \u0219i reguli stabilite \u00een mod rigid \u0219i arbitrar (de cele mai multe ori \u00een detrimentul cet\u0103\u021benilor) de partidele comuniste \u0219i de statul confiscat de acestea, \u0219i, pe de alt\u0103 parte, elaborarea \u0219i punerea \u00een practic\u0103 a unor tactici de evitare a acestora, precum \u0219i de o deturnare a lor \u00een sprijinul individului, familiei \u0219i chiar a grupului de apartenen\u021b\u0103.<\/p>\n<\/div><\/div>\n\n\n\n<p><\/p>\n\n\n\n<div class=\"wp-block-media-text is-stacked-on-mobile is-vertically-aligned-center\" style=\"grid-template-columns:23% auto\"><figure class=\"wp-block-media-text__media\"><img loading=\"lazy\" decoding=\"async\" width=\"1130\" height=\"1600\" src=\"https:\/\/ifsgen.umfst.ro\/wp-content\/uploads\/2024\/04\/afis-feher.jpg\" alt=\"\" class=\"wp-image-516 size-full\" srcset=\"https:\/\/ifsgen.umfst.ro\/wp-content\/uploads\/2024\/04\/afis-feher.jpg 1130w, https:\/\/ifsgen.umfst.ro\/wp-content\/uploads\/2024\/04\/afis-feher-212x300.jpg 212w, https:\/\/ifsgen.umfst.ro\/wp-content\/uploads\/2024\/04\/afis-feher-723x1024.jpg 723w, https:\/\/ifsgen.umfst.ro\/wp-content\/uploads\/2024\/04\/afis-feher-768x1087.jpg 768w, https:\/\/ifsgen.umfst.ro\/wp-content\/uploads\/2024\/04\/afis-feher-1085x1536.jpg 1085w, https:\/\/ifsgen.umfst.ro\/wp-content\/uploads\/2024\/04\/afis-feher-8x12.jpg 8w\" sizes=\"(max-width: 1130px) 100vw, 1130px\" \/><\/figure><div class=\"wp-block-media-text__content\">\n<p><\/p>\n\n\n\n<p>On Friday, April 19, 2024, at 4:00 PM, in the Grimm Hall of the Faculty of Letters at Babe\u0219-Bolyai University (UBB), a lecture was held by Lecturer Dr. Andrea Feher from the Faculty of History and Philosophy at UBB, entitled \"Invisible Female Authors. Fragments of Autobiography in 18th Century Transylvania.\"<\/p>\n<\/div><\/div>","protected":false},"excerpt":{"rendered":"<p>IFSGen \u00eencurajeaz\u0103 dialogul interdisciplinar \u0219i colaborarea \u00eentre speciali\u0219ti din diverse domenii, sus\u021bin\u00e2nd vizibilitatea proiectelor, publica\u021biilor \u0219i evenimentelor relevante pentru istoria femeilor, istorie \u0219i studii de gen. Promovarea acestoa se realizeaz\u0103 pe m\u0103sura semnal\u0103rii lor de c\u0103tre autori, membrii \u0219i prietenii re\u021belei. Claudia-Florentina Dobre, ed., Pove\u0219ti de via\u021b\u0103 din comunism. Represiune \u0219i cotidian. T\u00e2rgovi\u0219te, Editura Cetatea &hellip; <\/p>\n<p class=\"link-more\"><a href=\"https:\/\/ifsgen.umfst.ro\/en\/din-activitatile-membrilor-ifsgen\/\" class=\"more-link\">Read the full post &rarr;<span class=\"screen-reader-text\">&#8222;Din activit\u0103\u021bile membrilor IFSGen&#8221;<\/span><\/a><\/p>","protected":false},"author":1,"featured_media":0,"parent":0,"menu_order":0,"comment_status":"closed","ping_status":"closed","template":"","meta":{"footnotes":""},"_links":{"self":[{"href":"https:\/\/ifsgen.umfst.ro\/en\/wp-json\/wp\/v2\/pages\/515"}],"collection":[{"href":"https:\/\/ifsgen.umfst.ro\/en\/wp-json\/wp\/v2\/pages"}],"about":[{"href":"https:\/\/ifsgen.umfst.ro\/en\/wp-json\/wp\/v2\/types\/page"}],"author":[{"embeddable":true,"href":"https:\/\/ifsgen.umfst.ro\/en\/wp-json\/wp\/v2\/users\/1"}],"replies":[{"embeddable":true,"href":"https:\/\/ifsgen.umfst.ro\/en\/wp-json\/wp\/v2\/comments?post=515"}],"version-history":[{"count":14,"href":"https:\/\/ifsgen.umfst.ro\/en\/wp-json\/wp\/v2\/pages\/515\/revisions"}],"predecessor-version":[{"id":755,"href":"https:\/\/ifsgen.umfst.ro\/en\/wp-json\/wp\/v2\/pages\/515\/revisions\/755"}],"wp:attachment":[{"href":"https:\/\/ifsgen.umfst.ro\/en\/wp-json\/wp\/v2\/media?parent=515"}],"curies":[{"name":"wp","href":"https:\/\/api.w.org\/{rel}","templated":true}]}}