{"id":492,"date":"2024-03-12T18:30:47","date_gmt":"2024-03-12T18:30:47","guid":{"rendered":"https:\/\/ifsgen.umfst.ro\/?page_id=492"},"modified":"2024-09-17T08:39:13","modified_gmt":"2024-09-17T08:39:13","slug":"agenda-2024","status":"publish","type":"page","link":"https:\/\/ifsgen.umfst.ro\/en\/agenda-2024\/","title":{"rendered":"Agenda IFSGen 2024"},"content":{"rendered":"<div class=\"wp-block-columns is-layout-flex wp-container-core-columns-is-layout-1 wp-block-columns-is-layout-flex\">\n<div class=\"wp-block-column is-layout-flow wp-block-column-is-layout-flow\" style=\"flex-basis:50%\">\n<figure class=\"wp-block-image\"><img loading=\"lazy\" decoding=\"async\" class=\"wp-image-501\" src=\"https:\/\/ifsgen.umfst.ro\/wp-content\/uploads\/2024\/03\/logo-CNIR-blue-square.jpg\" alt=\"\" width=\"449\" height=\"448\" srcset=\"https:\/\/ifsgen.umfst.ro\/wp-content\/uploads\/2024\/03\/logo-CNIR-blue-square.jpg 330w, https:\/\/ifsgen.umfst.ro\/wp-content\/uploads\/2024\/03\/logo-CNIR-blue-square-300x300.jpg 300w, https:\/\/ifsgen.umfst.ro\/wp-content\/uploads\/2024\/03\/logo-CNIR-blue-square-150x150.jpg 150w, https:\/\/ifsgen.umfst.ro\/wp-content\/uploads\/2024\/03\/logo-CNIR-blue-square-12x12.jpg 12w\" sizes=\"(max-width: 449px) 100vw, 449px\" \/><\/figure>\n<\/div>\n\n\n\n<div class=\"wp-block-column is-layout-flow wp-block-column-is-layout-flow\" style=\"flex-basis:50%\">\n<p class=\"has-text-align-center\">IFSGen invites you to the 2024 National Congress of Historians. We organise the panel:<\/p>\n\n\n\n<p class=\"has-text-align-center\"><em>'The History of Romanians, an Inclusive History: Presences, Roles, and Representations of Women in Local and National History'<\/em><\/p>\n\n\n\n<p class=\"has-text-align-center\">You can register&nbsp;<strong>between 25th March-19th May&nbsp;<\/strong>by using the link:&nbsp;<a href=\"https:\/\/cnir.usv.ro\/inscrieri-participanti\/\">https:\/\/cnir.usv.ro\/inscrieri-participanti\/<\/a><\/p>\n\n\n\n<p class=\"has-text-align-right\">See you soon, in Suceava!<\/p>\n<\/div>\n<\/div>\n\n\n\n<div class=\"wp-block-columns is-not-stacked-on-mobile has-vivid-cyan-blue-color has-text-color has-link-color has-medium-font-size wp-elements-c9bfe53425e83e0f39a29736616f7428 is-layout-flex wp-container-core-columns-is-layout-2 wp-block-columns-is-layout-flex\">\n<div class=\"wp-block-column is-layout-flow wp-block-column-is-layout-flow\" style=\"flex-basis:49%\">\n<figure class=\"wp-block-image is-resized\"><img loading=\"lazy\" decoding=\"async\" width=\"1024\" height=\"724\" src=\"https:\/\/ifsgen.umfst.ro\/wp-content\/uploads\/2024\/03\/Cream-Green-Retro-Coffee-Shop-Poster-A2-peisaj-1-1024x724.png\" alt=\"\" class=\"wp-image-493\" style=\"width:410px;height:auto\" srcset=\"https:\/\/ifsgen.umfst.ro\/wp-content\/uploads\/2024\/03\/Cream-Green-Retro-Coffee-Shop-Poster-A2-peisaj-1-1024x724.png 1024w, https:\/\/ifsgen.umfst.ro\/wp-content\/uploads\/2024\/03\/Cream-Green-Retro-Coffee-Shop-Poster-A2-peisaj-1-300x212.png 300w, https:\/\/ifsgen.umfst.ro\/wp-content\/uploads\/2024\/03\/Cream-Green-Retro-Coffee-Shop-Poster-A2-peisaj-1-768x543.png 768w, https:\/\/ifsgen.umfst.ro\/wp-content\/uploads\/2024\/03\/Cream-Green-Retro-Coffee-Shop-Poster-A2-peisaj-1-1536x1086.png 1536w, https:\/\/ifsgen.umfst.ro\/wp-content\/uploads\/2024\/03\/Cream-Green-Retro-Coffee-Shop-Poster-A2-peisaj-1-2048x1448.png 2048w, https:\/\/ifsgen.umfst.ro\/wp-content\/uploads\/2024\/03\/Cream-Green-Retro-Coffee-Shop-Poster-A2-peisaj-1-18x12.png 18w\" sizes=\"(max-width: 1024px) 100vw, 1024px\" \/><\/figure>\n\n\n\n<p>&nbsp;<\/p>\n<\/div>\n\n\n\n<div class=\"wp-block-column is-layout-flow wp-block-column-is-layout-flow\" style=\"flex-basis:51%\">\n<div class=\"wp-block-group\"><div class=\"wp-block-group__inner-container is-layout-constrained wp-block-group-is-layout-constrained\">\n<p class=\"has-text-align-center has-black-color has-text-color has-link-color wp-elements-4d2fb40f12f7161b33c8a34443ba5c31\">15 martie 2024: \u00cencepem anul cu o altfel de \u00eent\u00e2lnire:<\/p>\n\n\n\n<p class=\"has-text-align-center has-black-color has-text-color has-link-color wp-elements-8ec9f0607ecd04d4f81ca5a10d566289\">\u201eCafeaua de diminea\u021b\u0103 cu membrii \u0219i prietenii IFSGen!\u201d<\/p>\n<\/div><\/div>\n<\/div>\n<\/div>","protected":false},"excerpt":{"rendered":"<p>IFSGen v\u0103 propune participarea la Congresul Na\u021bional al Istoricilor \u00een Sec\u021biunea: Istoria rom\u00e2nilor, o istorie mixt\u0103: prezen\u021be, ipostaze \u0219i reprezent\u0103ri ale femeilor \u00een istoria local\u0103 \u0219i na\u021bional\u0103 \u00censcrierile individuale se pot face \u00een&nbsp;perioada:&nbsp;25 martie 2024 \u2013 19 mai 2024&nbsp;acces\u00e2nd linkul&nbsp;https:\/\/cnir.usv.ro\/inscrieri-participanti\/ Ne vedem la Suceava! &nbsp; 15 martie 2024: \u00cencepem anul cu o altfel de \u00eent\u00e2lnire: &hellip; <\/p>\n<p class=\"link-more\"><a href=\"https:\/\/ifsgen.umfst.ro\/en\/agenda-2024\/\" class=\"more-link\">Read the full post &rarr;<span class=\"screen-reader-text\">&#8222;Agenda IFSGen 2024&#8221;<\/span><\/a><\/p>","protected":false},"author":1,"featured_media":0,"parent":0,"menu_order":0,"comment_status":"closed","ping_status":"closed","template":"","meta":{"footnotes":""},"_links":{"self":[{"href":"https:\/\/ifsgen.umfst.ro\/en\/wp-json\/wp\/v2\/pages\/492"}],"collection":[{"href":"https:\/\/ifsgen.umfst.ro\/en\/wp-json\/wp\/v2\/pages"}],"about":[{"href":"https:\/\/ifsgen.umfst.ro\/en\/wp-json\/wp\/v2\/types\/page"}],"author":[{"embeddable":true,"href":"https:\/\/ifsgen.umfst.ro\/en\/wp-json\/wp\/v2\/users\/1"}],"replies":[{"embeddable":true,"href":"https:\/\/ifsgen.umfst.ro\/en\/wp-json\/wp\/v2\/comments?post=492"}],"version-history":[{"count":30,"href":"https:\/\/ifsgen.umfst.ro\/en\/wp-json\/wp\/v2\/pages\/492\/revisions"}],"predecessor-version":[{"id":589,"href":"https:\/\/ifsgen.umfst.ro\/en\/wp-json\/wp\/v2\/pages\/492\/revisions\/589"}],"wp:attachment":[{"href":"https:\/\/ifsgen.umfst.ro\/en\/wp-json\/wp\/v2\/media?parent=492"}],"curies":[{"name":"wp","href":"https:\/\/api.w.org\/{rel}","templated":true}]}}