{"id":338,"date":"2022-12-08T09:12:31","date_gmt":"2022-12-08T09:12:31","guid":{"rendered":"https:\/\/ifsgen.umfst.ro\/?page_id=338"},"modified":"2024-09-17T08:36:17","modified_gmt":"2024-09-17T08:36:17","slug":"membri-fondatori","status":"publish","type":"page","link":"https:\/\/ifsgen.umfst.ro\/en\/membri-fondatori\/","title":{"rendered":"Founding Members"},"content":{"rendered":"<p>IFSGen are ca membri fondatori pe: dr. Georgeta Fodor, dr. Daniela Dete\u0219an, dr. Claudia Septimia Sab\u0103u \u0219i  dr. Oana-Ramona Ilovan. Proiectul s-a materializat \u00een urma \u00eent\u00e2lnirii \u0219i dezbaterilor din cadrul Sec\u021biunii\u00a0<em>'Romanian Women between  Tradition and Modernization (the second half of the 19th century and the beginning of the 20th century). Dilemmas, achievements, and perspectives',<\/em>,\u00a0organizat\u0103 \u00een cadrul Conferin\u021bei interna\u021bionale \u201eModernism, modernizare, modernitate. Perspective istoriografice \u0219i metodologice\u201d cu prilejul Zilelor Academice Clujene, 13-15 octombrie 2021.<\/p>\n\n\n\n<figure class=\"wp-block-image size-large is-resized\"><img loading=\"lazy\" decoding=\"async\" width=\"1024\" height=\"576\" src=\"https:\/\/ifsgen.umfst.ro\/wp-content\/uploads\/2023\/02\/20220909_191243-3-1024x576.jpg\" alt=\"\" class=\"wp-image-346\" style=\"width:349px;height:196px\" srcset=\"https:\/\/ifsgen.umfst.ro\/wp-content\/uploads\/2023\/02\/20220909_191243-3-1024x576.jpg 1024w, https:\/\/ifsgen.umfst.ro\/wp-content\/uploads\/2023\/02\/20220909_191243-3-300x169.jpg 300w, https:\/\/ifsgen.umfst.ro\/wp-content\/uploads\/2023\/02\/20220909_191243-3-768x432.jpg 768w, https:\/\/ifsgen.umfst.ro\/wp-content\/uploads\/2023\/02\/20220909_191243-3-1536x864.jpg 1536w, https:\/\/ifsgen.umfst.ro\/wp-content\/uploads\/2023\/02\/20220909_191243-3-2048x1152.jpg 2048w\" sizes=\"(max-width: 1024px) 100vw, 1024px\" \/><\/figure>","protected":false},"excerpt":{"rendered":"<p>IFSGen are ca membri fondatori pe: dr. Georgeta Fodor, dr. Daniela Dete\u0219an, dr. Claudia Septimia Sab\u0103u \u0219i dr. Oana-Ramona Ilovan. Proiectul s-a materializat \u00een urma \u00eent\u00e2lnirii \u0219i dezbaterilor din cadrul Sec\u021biunii\u00a0Femeia \u00eentre tradi\u021bia \u0219i modernitatea rom\u00e2neasc\u0103 (a doua jum\u0103tate a secolului al XIX-lea \u0219i \u00eenceputul secolului XX). Interoga\u021bii, realiz\u0103ri \u0219i perspective,\u00a0organizat\u0103 \u00een cadrul Conferin\u021bei interna\u021bionale &hellip; <\/p>\n<p class=\"link-more\"><a href=\"https:\/\/ifsgen.umfst.ro\/en\/membri-fondatori\/\" class=\"more-link\">Read the full post &rarr;<span class=\"screen-reader-text\">&#8222;Membri fondatori&#8221;<\/span><\/a><\/p>","protected":false},"author":1,"featured_media":0,"parent":0,"menu_order":0,"comment_status":"closed","ping_status":"closed","template":"","meta":{"footnotes":""},"_links":{"self":[{"href":"https:\/\/ifsgen.umfst.ro\/en\/wp-json\/wp\/v2\/pages\/338"}],"collection":[{"href":"https:\/\/ifsgen.umfst.ro\/en\/wp-json\/wp\/v2\/pages"}],"about":[{"href":"https:\/\/ifsgen.umfst.ro\/en\/wp-json\/wp\/v2\/types\/page"}],"author":[{"embeddable":true,"href":"https:\/\/ifsgen.umfst.ro\/en\/wp-json\/wp\/v2\/users\/1"}],"replies":[{"embeddable":true,"href":"https:\/\/ifsgen.umfst.ro\/en\/wp-json\/wp\/v2\/comments?post=338"}],"version-history":[{"count":4,"href":"https:\/\/ifsgen.umfst.ro\/en\/wp-json\/wp\/v2\/pages\/338\/revisions"}],"predecessor-version":[{"id":588,"href":"https:\/\/ifsgen.umfst.ro\/en\/wp-json\/wp\/v2\/pages\/338\/revisions\/588"}],"wp:attachment":[{"href":"https:\/\/ifsgen.umfst.ro\/en\/wp-json\/wp\/v2\/media?parent=338"}],"curies":[{"name":"wp","href":"https:\/\/api.w.org\/{rel}","templated":true}]}}