{"id":332,"date":"2022-12-08T09:04:10","date_gmt":"2022-12-08T09:04:10","guid":{"rendered":"https:\/\/ifsgen.umfst.ro\/?page_id=332"},"modified":"2026-03-06T14:07:55","modified_gmt":"2026-03-06T14:07:55","slug":"evenimente-conexe","status":"publish","type":"page","link":"https:\/\/ifsgen.umfst.ro\/en\/evenimente-conexe\/","title":{"rendered":"Related events"},"content":{"rendered":"<p>IFSGen aims to promote and disseminate by online media  all the scientific events that address women's and gender history,related topics. We invite members and those interested in these subjects to notify us of any event (or publication) related to the network's areas of interests.<\/p>\n\n\n\n<p class=\"has-vivid-cyan-blue-color has-text-color has-link-color has-medium-font-size wp-elements-572645f452b7947f45286c85336823e3\">23-24 aprilie 2026,  <em>Femeile ca subiect \u0219i agent al produc\u021biei culturale: \u00eentre reprezentare \u0219i crea\u021bie<\/em><\/p>\n\n\n\n<div class=\"wp-block-media-text is-stacked-on-mobile is-vertically-aligned-top\" style=\"grid-template-columns:29% auto\"><figure class=\"wp-block-media-text__media\"><img loading=\"lazy\" decoding=\"async\" width=\"819\" height=\"1024\" src=\"https:\/\/ifsgen.umfst.ro\/wp-content\/uploads\/2026\/03\/WhatsApp-Image-2026-03-06-at-12.14.58-2-819x1024.jpeg\" alt=\"\" class=\"wp-image-718 size-full\" srcset=\"https:\/\/ifsgen.umfst.ro\/wp-content\/uploads\/2026\/03\/WhatsApp-Image-2026-03-06-at-12.14.58-2-819x1024.jpeg 819w, https:\/\/ifsgen.umfst.ro\/wp-content\/uploads\/2026\/03\/WhatsApp-Image-2026-03-06-at-12.14.58-2-240x300.jpeg 240w, https:\/\/ifsgen.umfst.ro\/wp-content\/uploads\/2026\/03\/WhatsApp-Image-2026-03-06-at-12.14.58-2-768x960.jpeg 768w, https:\/\/ifsgen.umfst.ro\/wp-content\/uploads\/2026\/03\/WhatsApp-Image-2026-03-06-at-12.14.58-2-10x12.jpeg 10w, https:\/\/ifsgen.umfst.ro\/wp-content\/uploads\/2026\/03\/WhatsApp-Image-2026-03-06-at-12.14.58-2.jpeg 1080w\" sizes=\"(max-width: 819px) 100vw, 819px\" \/><\/figure><div class=\"wp-block-media-text__content\">\n<p>Conferin\u021ba na\u021bional\u0103 este organizat\u0103 de c\u0103tre Cercul de Istoria Artei \u201eWork in Progress\u201d, din cadrul Facult\u0103\u021bii de Istorie \u0219i Filosofie a Universit\u0103\u021bii Babe\u0219-Bolyai (Cluj-Napoca)<\/p>\n\n\n\n<p class=\"has-text-align-left\">Evenimentul se adreseaz\u0103 studen\u021bilor, masteranzilor \u0219i doctoranzilor a c\u0103ror cercet\u0103ri se reg\u0103sesc \u00een sfera istoriei femeilor, studiilor de gen, a artei \u0219i a produc\u021biei culturale, fiind conceput ca un spa\u021biu de dialog interdisciplinar, deschis celor care activeaz\u0103 \u00een sfera istoriei artei, studiilor culturale, sociologiei, antropologiei \u0219i altor discipline umaniste. <\/p>\n<\/div><\/div>\n\n\n\n<p>Conferin\u021ba \u00ee\u0219i propune s\u0103 ofere participan\u021bilor oportunitatea de a reflecta asupra reprezent\u0103rii femeilor, de a analiza dinamica vizibilit\u0103\u021bii lor \u0219i de a discuta despre strategiile prin care acestea \u00ee\u0219i afirm\u0103 rolul activ \u00een mediul cultural, urm\u0103rind, de asemenea, facilitarea schimbului de perspective, consolidarea re\u021belelor academice \u0219i culturale \u0219i stimularea unor abord\u0103ri inovatoare asupra subiectelor.<\/p>\n\n\n\n<p>Pentru mai multe informa\u021bii vezi Apelul conferin\u021bei disponibil aici: <a href=\"https:\/\/ifsgen.umfst.ro\/wp-content\/uploads\/2026\/03\/CFP-Femeile-ca-subiect-si-agent-al-productiei-culturale.-15-martie-1.pdf\">Call<\/a><\/p>\n\n\n\n<p class=\"has-vivid-cyan-blue-color has-text-color has-link-color has-medium-font-size wp-elements-b87a53e985ff93d3d020be727224f95d\">17-19 iunie 2026, <em>Conferin\u021ba interna\u021bional\u0103 ICES Gender &amp; Society, Ia\u0219i<\/em><\/p>\n\n\n<div class=\"wp-block-image\">\n<figure class=\"alignleft size-large is-resized\"><img loading=\"lazy\" decoding=\"async\" width=\"709\" height=\"1024\" src=\"https:\/\/ifsgen.umfst.ro\/wp-content\/uploads\/2026\/03\/afis-oficial-ICES-GE-2026-709x1024.jpg\" alt=\"\" class=\"wp-image-710\" style=\"width:237px;height:auto\" srcset=\"https:\/\/ifsgen.umfst.ro\/wp-content\/uploads\/2026\/03\/afis-oficial-ICES-GE-2026-709x1024.jpg 709w, https:\/\/ifsgen.umfst.ro\/wp-content\/uploads\/2026\/03\/afis-oficial-ICES-GE-2026-208x300.jpg 208w, https:\/\/ifsgen.umfst.ro\/wp-content\/uploads\/2026\/03\/afis-oficial-ICES-GE-2026-8x12.jpg 8w, https:\/\/ifsgen.umfst.ro\/wp-content\/uploads\/2026\/03\/afis-oficial-ICES-GE-2026.jpg 720w\" sizes=\"(max-width: 709px) 100vw, 709px\" \/><\/figure><\/div>\n\n\n<p>Conferin\u021ba este organizat\u0103 de Institutul de Cercet\u0103ri Economice \u0219i Sociale \u201eGheorghe Zane\u201d (ICES), Academia Rom\u00e2n\u0103, Filiala Ia\u0219i \u0219i va avea loc, \u00een format fizic \u0219i online<\/p>\n\n\n\n<p>Conferin\u021ba va explora teme multidisciplinare, precum construc\u021bia social\u0103 \u0219i rolul genului \u00een diferite societ\u0103\u021bi, semnifica\u021biile genului<br>\u0219i sexului \u00een societ\u0103\u021bile din trecut \u0219i din prezent, experien\u021bele contemporane \u0219i istorice ale femeilor, dar \u0219i practicile culturale care modeleaz\u0103 identit\u0103\u021bile sociale \u0219i men\u021bin inegalit\u0103\u021bile structurale. De asemenea, vom aprecia orice abordare care prezint\u0103 contribu\u021bia, experien\u021ba \u0219i participarea femeilor \u00een domeniile social, politic, cultural, \u0219tiin\u021bific \u0219i economic, eviden\u021biind perspectivele \u0219i ideile lor valoroase.<br>\u00cencuraj\u0103m trimiterea de lucr\u0103ri care trateaz\u0103 \u00een mod critic diverse teme, inclusiv (dar f\u0103r\u0103 a se limita la) rela\u021bia dintre gen \u0219i politic\u0103, economie, drept, educa\u021bie, s\u0103n\u0103tate, natur\u0103, intersec\u021bionalitate, sexualitate \u0219i violen\u021b\u0103. Suntem interesa\u021bi \u0219i de teme precum genul \u00een era digital\u0103, perspective istorice asupra genului, reprezent\u0103ri literare \u0219i artistice ale genului \u0219i perspective feministe contemporane.<br>Conferin\u021ba este deschis\u0103 speciali\u0219tilor din toate domeniile academice care \u00ee\u0219i concentreaz\u0103 cercetarea<br>pe aceste teme. Contribu\u021biile tinerilor cercet\u0103tori sunt\u00een mod deosebit binevenite.<\/p>\n\n\n\n<p>Persoana de contact: CS I dr. C\u0103t\u0103lina R\u0103ducu<\/p>\n\n\n\n<p>Pentru mai multe detalii: <a href=\"https:\/\/ices-arfi.ro\/eveniment\/ices-gender-society-international-conference\/\">https:\/\/ices-arfi.ro\/eveniment\/ices-gender-society-international-conference\/<\/a><\/p>\n\n\n\n<div class=\"wp-block-media-text is-stacked-on-mobile\" style=\"grid-template-columns:26% auto\"><figure class=\"wp-block-media-text__media\"><img loading=\"lazy\" decoding=\"async\" width=\"2339\" height=\"3306\" src=\"https:\/\/ifsgen.umfst.ro\/wp-content\/uploads\/2024\/05\/afis-TB-2024.png\" alt=\"\" class=\"wp-image-566 size-full\" srcset=\"https:\/\/ifsgen.umfst.ro\/wp-content\/uploads\/2024\/05\/afis-TB-2024.png 2339w, https:\/\/ifsgen.umfst.ro\/wp-content\/uploads\/2024\/05\/afis-TB-2024-212x300.png 212w, https:\/\/ifsgen.umfst.ro\/wp-content\/uploads\/2024\/05\/afis-TB-2024-724x1024.png 724w, https:\/\/ifsgen.umfst.ro\/wp-content\/uploads\/2024\/05\/afis-TB-2024-768x1086.png 768w, https:\/\/ifsgen.umfst.ro\/wp-content\/uploads\/2024\/05\/afis-TB-2024-1087x1536.png 1087w, https:\/\/ifsgen.umfst.ro\/wp-content\/uploads\/2024\/05\/afis-TB-2024-1449x2048.png 1449w, https:\/\/ifsgen.umfst.ro\/wp-content\/uploads\/2024\/05\/afis-TB-2024-8x12.png 8w\" sizes=\"(max-width: 2339px) 100vw, 2339px\" \/><\/figure><div class=\"wp-block-media-text__content\">\n<p class=\"has-text-align-center has-vivid-cyan-blue-color has-text-color has-link-color wp-elements-fb366e78d874e10ffb4c0616933aeb86\">29-30 Mai 2024, <strong>\u201eIstoria la feminin\u201d<\/strong> sec\u021biunea se desf\u0103\u0219oar\u0103 \u00een cadrul <strong>SESIUNII \u015eTIIN\u0162IFICE DE COMUNIC\u0102RI<\/strong> <strong>\u201e\u0162ARA B\u00c2RSEI\u201d, EDI\u0162IA XXII<\/strong> <strong><em>Cultur\u0103&nbsp;\u0219i civiliza\u021bie&nbsp;\u2212&nbsp;secolele XVIII-XX<\/em><\/strong><\/p>\n\n\n\n<p class=\"has-text-align-center\">Organizers<\/p>\n\n\n\n<p class=\"has-text-align-center\"> <strong>MUZEUL \u201eCASA MURE\u015eENILOR\u201d BRA\u015eOV<\/strong><\/p>\n\n\n\n<p class=\"has-text-align-center\">Consult\u0103 <a href=\"https:\/\/ifsgen.umfst.ro\/wp-content\/uploads\/2024\/05\/TB-2024.docx\">programul<\/a> aici<\/p>\n<\/div><\/div>\n\n\n\n<p class=\"has-vivid-cyan-blue-color has-text-color has-link-color wp-elements-f39312219bc3d43f5fda9ff31c753f18\">22-23 Mai 2024, <em>Women in Eastern and Southeastern Europe and the Experience of War. INTER-CONFESSIONAL, INTER-RELIGIOUS, AND INTER-ETHNIC PERSPECTIVES<\/em>, <\/p>\n\n\n\n<p>Organizers <\/p>\n\n\n\n<p>Foundation Reconciliation in South-East Europe (RSEE),Sibiu, ROMANIA<br>Institute for Peace Studies in Eastern Christianity (IPSEC), Harvard University, Cambridge, MA, USA<\/p>\n\n\n\n<p>Consult\u0103 programul aici: <a href=\"https:\/\/ifsgen.umfst.ro\/wp-content\/uploads\/2024\/05\/Conference-Program-Sibiu-final-16-mai-EPILOG-1.pdf\">https:\/\/ifsgen.umfst.ro\/wp-content\/uploads\/2024\/05\/Conference-Program-Sibiu-final-16-mai-EPILOG-1.pdf<\/a><\/p>\n\n\n\n<p class=\"has-vivid-cyan-blue-color has-text-color has-link-color wp-elements-fe4be6ec54e088f93616935078288081\">Cluj Academic Days, 13-15 October 2022, the Conference: <em>'Between nationalism and globalization. Continuities, fractures, and perspectives in the history of Central and Eastern Europe from the Middle Ages to the present'<\/em>the panel: <em>'Women in the narrative, imaginary, and the socio-professional reality of the society they worked in'.<\/em>For more details visit: <\/p>\n\n\n\n<p><a href=\"https:\/\/institutuldeistoriegeorgebaritiu.ro\/wp\/wp-content\/uploads\/2022\/10\/ZAC_2022_brosura-FINAL.pdf \">https:\/\/institutuldeistoriegeorgebaritiu.ro\/wp\/wp-content\/uploads\/2022\/10\/ZAC_2022_brosura-FINAL.pdf <\/a><\/p>\n\n\n\n<p><\/p>\n\n\n\n<div class=\"wp-block-media-text is-stacked-on-mobile\" style=\"grid-template-columns:25% auto\"><figure class=\"wp-block-media-text__media\"><img loading=\"lazy\" decoding=\"async\" width=\"717\" height=\"1024\" src=\"https:\/\/ifsgen.umfst.ro\/wp-content\/uploads\/2023\/02\/Iulia-Hasdeu-expo-MLR-717x1024.jpg\" alt=\"\" class=\"wp-image-350 size-full\" srcset=\"https:\/\/ifsgen.umfst.ro\/wp-content\/uploads\/2023\/02\/Iulia-Hasdeu-expo-MLR-717x1024.jpg 717w, https:\/\/ifsgen.umfst.ro\/wp-content\/uploads\/2023\/02\/Iulia-Hasdeu-expo-MLR-210x300.jpg 210w, https:\/\/ifsgen.umfst.ro\/wp-content\/uploads\/2023\/02\/Iulia-Hasdeu-expo-MLR-768x1097.jpg 768w, https:\/\/ifsgen.umfst.ro\/wp-content\/uploads\/2023\/02\/Iulia-Hasdeu-expo-MLR-1075x1536.jpg 1075w, https:\/\/ifsgen.umfst.ro\/wp-content\/uploads\/2023\/02\/Iulia-Hasdeu-expo-MLR.jpg 1120w\" sizes=\"(max-width: 717px) 100vw, 717px\" \/><\/figure><div class=\"wp-block-media-text__content\">\n<p class=\"has-text-align-left\">Bucharest, the National Museum of Romanian Literature: The exhibition \"In search of Julia Ha\u0219deu\", 18 October 2022. The exhibition represents a project through which the organizers proposed a reconstruction of Julia Hasdeu's personality based on her school notebooks and correspondence with B. P. Ha\u0219deu during his years of study in Paris, his posthumously published works and the transcripts of the spiritualist sessions initiated by the grieving father, in an attempt to recover the spirit of his prematurely lost daughter.<\/p>\n\n\n\n<p><\/p>\n\n\n\n<p><\/p>\n\n\n\n<p><\/p>\n<\/div><\/div>\n\n\n\n<p><\/p>\n\n\n\n<div class=\"wp-block-media-text is-stacked-on-mobile\" style=\"grid-template-columns:22% auto\"><figure class=\"wp-block-media-text__media\"><img loading=\"lazy\" decoding=\"async\" width=\"768\" height=\"1138\" src=\"https:\/\/ifsgen.umfst.ro\/wp-content\/uploads\/2024\/05\/invitatie-768x1138-1.jpg\" alt=\"\" class=\"wp-image-568 size-full\" srcset=\"https:\/\/ifsgen.umfst.ro\/wp-content\/uploads\/2024\/05\/invitatie-768x1138-1.jpg 768w, https:\/\/ifsgen.umfst.ro\/wp-content\/uploads\/2024\/05\/invitatie-768x1138-1-202x300.jpg 202w, https:\/\/ifsgen.umfst.ro\/wp-content\/uploads\/2024\/05\/invitatie-768x1138-1-691x1024.jpg 691w, https:\/\/ifsgen.umfst.ro\/wp-content\/uploads\/2024\/05\/invitatie-768x1138-1-8x12.jpg 8w\" sizes=\"(max-width: 768px) 100vw, 768px\" \/><\/figure><div class=\"wp-block-media-text__content\">\n<p class=\"has-text-align-center\">Conferin\u021ba Anual\u0103 a Institutului de Cercet\u0103ri Socio-Umane \u201eC. S. Nicol\u0103escu-Plop\u0219or\u201d 20-21 octombrie 2022, Craiova cu sec\u021biunea \u201eFemeia \u00eentre tradi\u021bie \u0219i modernitate\u201d. <\/p>\n\n\n\n<p class=\"has-text-align-center\">Pentru mai multe detalii acceseaz\u0103: <a href=\"https:\/\/icsu.ro\/2022\/07\/conferinta-anuala-a-institutului-de-cercetari-socio-umane-c-s-nicolaescu-plopsor-octombrie-2022\/ \">https:\/\/icsu.ro\/2022\/07\/conferinta-anuala-a-institutului-de-cercetari-socio-umane-c-s-nicolaescu-plopsor-octombrie-2022\/ <\/a><\/p>\n<\/div><\/div>\n\n\n\n<p><\/p>\n\n\n\n<div class=\"wp-block-media-text is-stacked-on-mobile\" style=\"grid-template-columns:25% auto\"><figure class=\"wp-block-media-text__media\"><img loading=\"lazy\" decoding=\"async\" width=\"1024\" height=\"692\" src=\"https:\/\/ifsgen.umfst.ro\/wp-content\/uploads\/2023\/02\/1.-Coperta-Vrioni-vol.-2-1024x692.jpg\" alt=\"\" class=\"wp-image-353 size-full\" srcset=\"https:\/\/ifsgen.umfst.ro\/wp-content\/uploads\/2023\/02\/1.-Coperta-Vrioni-vol.-2-1024x692.jpg 1024w, https:\/\/ifsgen.umfst.ro\/wp-content\/uploads\/2023\/02\/1.-Coperta-Vrioni-vol.-2-300x203.jpg 300w, https:\/\/ifsgen.umfst.ro\/wp-content\/uploads\/2023\/02\/1.-Coperta-Vrioni-vol.-2-768x519.jpg 768w, https:\/\/ifsgen.umfst.ro\/wp-content\/uploads\/2023\/02\/1.-Coperta-Vrioni-vol.-2-1536x1038.jpg 1536w, https:\/\/ifsgen.umfst.ro\/wp-content\/uploads\/2023\/02\/1.-Coperta-Vrioni-vol.-2-2048x1384.jpg 2048w\" sizes=\"(max-width: 1024px) 100vw, 1024px\" \/><\/figure><div class=\"wp-block-media-text__content\">\n<p>Editorial event: Anemari Monica Negru, <em>Din scrierile uitate ale Aidei Vrioni. Memorii \u0219i coresponden\u021b\u0103<\/em>, vol. II, 2022.<\/p>\n<\/div><\/div>\n\n\n\n<p><\/p>","protected":false},"excerpt":{"rendered":"<p>IFSGen urm\u0103re\u0219te \u0219i promovarea \u0219i diseminarea \u00een mediul online a tuturor evenimentelor \u0219tiin\u021bifice care abordeaz\u0103 istoria femeilor, gender history sau studii de gen. Adres\u0103m membrilor \u0219i celor interesa\u021bi de subiecte invita\u021bia de a ne semnala orice eveniment (apari\u021bie editorial\u0103) din domeniile de interes ale re\u021belei. 23-24 aprilie 2026, Femeile ca subiect \u0219i agent al produc\u021biei &hellip; <\/p>\n<p class=\"link-more\"><a href=\"https:\/\/ifsgen.umfst.ro\/en\/evenimente-conexe\/\" class=\"more-link\">Read the full post &rarr;<span class=\"screen-reader-text\">&#8222;Evenimente conexe&#8221;<\/span><\/a><\/p>","protected":false},"author":1,"featured_media":0,"parent":0,"menu_order":0,"comment_status":"closed","ping_status":"closed","template":"","meta":{"footnotes":""},"_links":{"self":[{"href":"https:\/\/ifsgen.umfst.ro\/en\/wp-json\/wp\/v2\/pages\/332"}],"collection":[{"href":"https:\/\/ifsgen.umfst.ro\/en\/wp-json\/wp\/v2\/pages"}],"about":[{"href":"https:\/\/ifsgen.umfst.ro\/en\/wp-json\/wp\/v2\/types\/page"}],"author":[{"embeddable":true,"href":"https:\/\/ifsgen.umfst.ro\/en\/wp-json\/wp\/v2\/users\/1"}],"replies":[{"embeddable":true,"href":"https:\/\/ifsgen.umfst.ro\/en\/wp-json\/wp\/v2\/comments?post=332"}],"version-history":[{"count":30,"href":"https:\/\/ifsgen.umfst.ro\/en\/wp-json\/wp\/v2\/pages\/332\/revisions"}],"predecessor-version":[{"id":736,"href":"https:\/\/ifsgen.umfst.ro\/en\/wp-json\/wp\/v2\/pages\/332\/revisions\/736"}],"wp:attachment":[{"href":"https:\/\/ifsgen.umfst.ro\/en\/wp-json\/wp\/v2\/media?parent=332"}],"curies":[{"name":"wp","href":"https:\/\/api.w.org\/{rel}","templated":true}]}}