{"id":264,"date":"2022-07-29T09:01:44","date_gmt":"2022-07-29T09:01:44","guid":{"rendered":"https:\/\/ifsgen.umfst.ro\/?page_id=264"},"modified":"2026-03-06T14:45:38","modified_gmt":"2026-03-06T14:45:38","slug":"noutati-editoriale","status":"publish","type":"page","link":"https:\/\/ifsgen.umfst.ro\/en\/noutati-editoriale\/","title":{"rendered":"Publica\u021biile IFSGen"},"content":{"rendered":"<p>2024: A ap\u0103rut primul volum bazat pe lucr\u0103rile conferin\u021bei IFSGen I\/2023 <\/p>\n\n\n\n<h2 class=\"wp-block-heading\">INCURSIUNE \u00ceN ISTORIA FEMEILOR DIN SPA\u021aIUL ROM\u00c2NESC (SECOLELE XVI\u2013XXI)<\/h2>\n\n\n\n<p> <a href=\"https:\/\/edituramega.ro\/product\/incursiune-in-istoria-femeilor-din-spatiul-romanesc-secolele-xvi-xxi\/\">Claudia Septimia Sab\u0103u,\u00a0Daniela Dete\u0219an,\u00a0Georgeta Fodor<\/a><\/p>\n\n\n<div class=\"wp-block-image\">\n<figure class=\"alignleft size-large is-resized\"><img loading=\"lazy\" decoding=\"async\" width=\"716\" height=\"1024\" src=\"https:\/\/ifsgen.umfst.ro\/wp-content\/uploads\/2025\/12\/Incursiune-in-istoria-femeilor-scaled-2-716x1024.jpg\" alt=\"\" class=\"wp-image-701\" style=\"width:339px;height:auto\" srcset=\"https:\/\/ifsgen.umfst.ro\/wp-content\/uploads\/2025\/12\/Incursiune-in-istoria-femeilor-scaled-2-716x1024.jpg 716w, https:\/\/ifsgen.umfst.ro\/wp-content\/uploads\/2025\/12\/Incursiune-in-istoria-femeilor-scaled-2-210x300.jpg 210w, https:\/\/ifsgen.umfst.ro\/wp-content\/uploads\/2025\/12\/Incursiune-in-istoria-femeilor-scaled-2-768x1098.jpg 768w, https:\/\/ifsgen.umfst.ro\/wp-content\/uploads\/2025\/12\/Incursiune-in-istoria-femeilor-scaled-2-1075x1536.jpg 1075w, https:\/\/ifsgen.umfst.ro\/wp-content\/uploads\/2025\/12\/Incursiune-in-istoria-femeilor-scaled-2-1433x2048.jpg 1433w, https:\/\/ifsgen.umfst.ro\/wp-content\/uploads\/2025\/12\/Incursiune-in-istoria-femeilor-scaled-2-8x12.jpg 8w, https:\/\/ifsgen.umfst.ro\/wp-content\/uploads\/2025\/12\/Incursiune-in-istoria-femeilor-scaled-2.jpg 1791w\" sizes=\"(max-width: 716px) 100vw, 716px\" \/><\/figure><\/div>\n\n\n<div class=\"wp-block-group\"><div class=\"wp-block-group__inner-container is-layout-constrained wp-block-group-is-layout-constrained\">\n<p class=\"has-text-align-left\">De\u0219i istoria femeilor nu mai este demult \u00een stadiul de pionierat \u00een spa\u021biul rom\u00e2nesc, iar cercet\u0103rile au crescut de-a lungul anilor, dezbaterea istoriografic\u0103 este incomplet\u0103, datele \u0219i informa\u021biile insuficiente, metodologia de lucru limitat\u0103 \u0219i, fapt determinant pentru organizarea re\u021belei, nu exist\u0103 contacte permanente \u00eentre cei care abordeaz\u0103 aceste domenii. De asemenea, f\u0103r\u0103 a beneficia de baze largi de date istorice, singura variant\u0103 de analiz\u0103 r\u0103m\u00e2ne studiul de caz. Astfel de demersuri al\u0103turi de absen\u021ba dialogului, explic\u0103, de exemplu, de ce \u00een Rom\u00e2nia lipse\u0219te \u00eenc\u0103 o sintez\u0103 dedicat\u0103 istoriei femeilor (\u0219i a istoriei de gen) dup\u0103 modelul antologiei coordonat\u0103 de Georges Duby \u0219i Michelle Perrot, Histoire des femmes en Occident (3.000 de pagini, 5 volume, 72 autori), publicat\u0103 simultan \u00een italian\u0103, francez\u0103, englez\u0103, german\u0103 \u0219i spaniol\u0103 \u00een anii 1990. Dincolo de analiza sintetic\u0103 pe care o ofer\u0103, cea a evolu\u021biei femeii \u00een societate din antichitate p\u00e2n\u0103 \u00een secolul XX \u0219i implica\u021biile imaginii acesteia, antologia admite existen\u021ba unei domina\u021bii masculine \u0219i implicit a unei subordon\u0103ri feminine la orizontul istoriei. Lucrarea este un adev\u0103rat tur de for\u021b\u0103 \u0219i pune \u00een eviden\u021b\u0103 rela\u021bia dintre sexe, respectiv natura acestei leg\u0103turi sau cu alte cuvinte cum func\u021bioneaz\u0103 ea \u00een diferite aspecte ale vie\u021bii sociale (familie, munc\u0103, via\u021b\u0103 public\u0103, via\u021b\u0103 privat\u0103 etc.).<\/p>\n<\/div><\/div>\n\n\n\n<p><strong>2022 :<\/strong> <strong>The first volume published under  IFSGen auspices<\/strong><\/p>\n\n\n\n<div data-wp-interactive=\"core\/file\" class=\"wp-block-file\"><object data-wp-bind--hidden=\"!state.hasPdfPreview\"  class=\"wp-block-file__embed\" data=\"https:\/\/ifsgen.umfst.ro\/wp-content\/uploads\/2023\/12\/COEDITIE_Sabau_Ilovan-Perspectives-on-Gender-ebook-1.pdf\" type=\"application\/pdf\" style=\"width:100%;height:600px\" aria-label=\"Embed of COEDITIE_Sabau_Ilovan Perspectives on Gender ebook.\"><\/object><a id=\"wp-block-file--media-e1c710c1-b2b0-4344-9ae9-71b3acfe138a\" href=\"https:\/\/ifsgen.umfst.ro\/wp-content\/uploads\/2023\/12\/COEDITIE_Sabau_Ilovan-Perspectives-on-Gender-ebook-1.pdf\">COEDITIE_Sabau_Ilovan Perspectives on Gender ebook<\/a><a href=\"https:\/\/ifsgen.umfst.ro\/wp-content\/uploads\/2023\/12\/COEDITIE_Sabau_Ilovan-Perspectives-on-Gender-ebook-1.pdf\" class=\"wp-block-file__button wp-element-button\" download aria-describedby=\"wp-block-file--media-e1c710c1-b2b0-4344-9ae9-71b3acfe138a\">Download<\/a><\/div>\n\n\n\n<p>You can download the volume using this link:<a href=\"http:\/\/www.editura.ubbcluj.ro\/www\/ro\/books\/search.php\">http:\/\/www.editura.ubbcluj.ro\/www\/ro\/books\/search.php<\/a><\/p>\n\n\n\n<div class=\"wp-block-columns is-layout-flex wp-container-core-columns-is-layout-1 wp-block-columns-is-layout-flex\">\n<div class=\"wp-block-column is-layout-flow wp-block-column-is-layout-flow\">\n<figure class=\"wp-block-image size-large is-resized\"><img loading=\"lazy\" decoding=\"async\" width=\"715\" height=\"1024\" src=\"https:\/\/ifsgen.umfst.ro\/wp-content\/uploads\/2022\/09\/Coperta-Supliment-LX2021-1-1-715x1024.jpg\" alt=\"\" class=\"wp-image-275\" style=\"width:400px;height:572px\" srcset=\"https:\/\/ifsgen.umfst.ro\/wp-content\/uploads\/2022\/09\/Coperta-Supliment-LX2021-1-1-715x1024.jpg 715w, https:\/\/ifsgen.umfst.ro\/wp-content\/uploads\/2022\/09\/Coperta-Supliment-LX2021-1-1-209x300.jpg 209w, https:\/\/ifsgen.umfst.ro\/wp-content\/uploads\/2022\/09\/Coperta-Supliment-LX2021-1-1-768x1100.jpg 768w, https:\/\/ifsgen.umfst.ro\/wp-content\/uploads\/2022\/09\/Coperta-Supliment-LX2021-1-1.jpg 961w\" sizes=\"(max-width: 715px) 100vw, 715px\" \/><\/figure>\n\n\n\n<div data-wp-interactive=\"core\/file\" class=\"wp-block-file\"><object data-wp-bind--hidden=\"!state.hasPdfPreview\"  class=\"wp-block-file__embed\" data=\"https:\/\/ifsgen.umfst.ro\/wp-content\/uploads\/2022\/09\/Cuprins-Supliment.pdf\" type=\"application\/pdf\" style=\"width:100%;height:600px\" aria-label=\"Embed of Cuprins-Supliment.\"><\/object><a id=\"wp-block-file--media-f02cd5df-e975-47e1-a9e0-716e50f8b2b2\" href=\"https:\/\/ifsgen.umfst.ro\/wp-content\/uploads\/2022\/09\/Cuprins-Supliment.pdf\">Cuprins-Supliment<\/a><a href=\"https:\/\/ifsgen.umfst.ro\/wp-content\/uploads\/2022\/09\/Cuprins-Supliment.pdf\" class=\"wp-block-file__button wp-element-button\" download aria-describedby=\"wp-block-file--media-f02cd5df-e975-47e1-a9e0-716e50f8b2b2\">Download<\/a><\/div>\n<\/div>\n\n\n\n<div class=\"wp-block-column is-layout-flow wp-block-column-is-layout-flow\">\n<p>The Supplement LX of the Historical Journal of \"George Bari\u021biu\" Institute of History of Cluj-Napoca, Series Historica, 2021.<\/p>\n\n\n\n<p>Volumul este coordonat de cerc. \u0219t. II dr. Daniela Dete\u0219an de la Institutul de Istorie \u201eGeorge Bari\u021biu\u201d \u0219i dr. Claudia Septimia Sab\u0103u, documentarist la Muzeul de Istorie al Universit\u0103\u021bii &nbsp;Babe\u0219-Bolyai (Direc\u021bia Patrimoniu Cultural Universitar).<\/p>\n\n\n\n<p>Acest num\u0103r special intitulat <strong>Femeia \u00eentre tradi\u021bia \u0219i modernitatea rom\u00e2neasc\u0103 (a doua jum\u0103tate a secolului al XIX-lea \u0219i \u00eenceputul secolului XX). Interoga\u021bii, realiz\u0103ri, perspective<\/strong> reprezint\u0103 o invita\u021bie la cunoa\u0219terea trecutului femeilor. <\/p>\n\n\n\n<p>Studiile semnate de cercet\u0103tori, cadre didactice universitare, muzeografi, arhivi\u0219ti, doctoranzi, reprezint\u0103 o parte dintre contribu\u021biile prezentate la sec\u021biunea dedicat\u0103 istoriei femeii din cadrul conferin\u021bei interna\u021bionale \u201eModernism, modernizare, modernitate. Perspective istoriografice \u0219i metodologice\u201d, organizat\u0103 cu prilejul Zilelor Academice Clujene la Cluj-Napoca \u00eentre 13-15 octombrie 2021.<\/p>\n\n\n\n<p>Contribu\u021biile ne arat\u0103 dinamismul unui c\u00e2mp de cercetare \u00een continu\u0103 descoperire \u0219i inova\u021bie. Avem convingerea c\u0103 textele reunite aici vor deschide piste noi de cercetare, care, sper\u0103m, vor putea fi explorate \u00eentr-un viitor c\u00e2t mai apropiat.<\/p>\n<\/div>\n<\/div>\n\n\n\n<p>Georgeta Fodor, Prezen\u021be feminine \u00een mitologia istoric\u0103 rom\u00e2neasc\u0103. Perspective \u0219i stereotipuri de gen, \u00een Acta Marisiensis. Seria Historia, nr. 4, 2022. <\/p>\n\n\n\n<p><a href=\"https:\/\/actahistoria.umfst.ro\/wp-content\/uploads\/2023\/01\/Georgeta-Fodor.pdf\">https:\/\/actahistoria.umfst.ro\/wp-content\/uploads\/2023\/01\/Georgeta-Fodor.pdf<\/a><\/p>\n\n\n\n<p><\/p>\n\n\n\n<p>Monica Negru, Amintiri despre Alice Voinescu \u00een Arhive, \u201eOrizonturi culturale italo-rom\u00e2ne\u201d, an XIII, nr. 1, ianuarie 2023.<br>Monica Negru, Din amintirile Elenei Alistar, prima femeie deputat din Rom\u00e2nia, \u201eOrizonturi culturale italo-rom\u00e2ne\u201d, an XIII, nr. 2, februarie 2023.<\/p>\n\n\n\n<p><\/p>","protected":false},"excerpt":{"rendered":"<p>2024: A ap\u0103rut primul volum bazat pe lucr\u0103rile conferin\u021bei IFSGen I\/2023 INCURSIUNE \u00ceN ISTORIA FEMEILOR DIN SPA\u021aIUL ROM\u00c2NESC (SECOLELE XVI\u2013XXI) Claudia Septimia Sab\u0103u,\u00a0Daniela Dete\u0219an,\u00a0Georgeta Fodor De\u0219i istoria femeilor nu mai este demult \u00een stadiul de pionierat \u00een spa\u021biul rom\u00e2nesc, iar cercet\u0103rile au crescut de-a lungul anilor, dezbaterea istoriografic\u0103 este incomplet\u0103, datele \u0219i informa\u021biile insuficiente, metodologia &hellip; <\/p>\n<p class=\"link-more\"><a href=\"https:\/\/ifsgen.umfst.ro\/en\/noutati-editoriale\/\" class=\"more-link\">Read the full post &rarr;<span class=\"screen-reader-text\">&#8222;Publica\u021biile IFSGen&#8221;<\/span><\/a><\/p>","protected":false},"author":1,"featured_media":0,"parent":0,"menu_order":0,"comment_status":"closed","ping_status":"closed","template":"","meta":{"footnotes":""},"_links":{"self":[{"href":"https:\/\/ifsgen.umfst.ro\/en\/wp-json\/wp\/v2\/pages\/264"}],"collection":[{"href":"https:\/\/ifsgen.umfst.ro\/en\/wp-json\/wp\/v2\/pages"}],"about":[{"href":"https:\/\/ifsgen.umfst.ro\/en\/wp-json\/wp\/v2\/types\/page"}],"author":[{"embeddable":true,"href":"https:\/\/ifsgen.umfst.ro\/en\/wp-json\/wp\/v2\/users\/1"}],"replies":[{"embeddable":true,"href":"https:\/\/ifsgen.umfst.ro\/en\/wp-json\/wp\/v2\/comments?post=264"}],"version-history":[{"count":16,"href":"https:\/\/ifsgen.umfst.ro\/en\/wp-json\/wp\/v2\/pages\/264\/revisions"}],"predecessor-version":[{"id":756,"href":"https:\/\/ifsgen.umfst.ro\/en\/wp-json\/wp\/v2\/pages\/264\/revisions\/756"}],"wp:attachment":[{"href":"https:\/\/ifsgen.umfst.ro\/en\/wp-json\/wp\/v2\/media?parent=264"}],"curies":[{"name":"wp","href":"https:\/\/api.w.org\/{rel}","templated":true}]}}