{"id":103,"date":"2022-03-22T09:22:30","date_gmt":"2022-03-22T09:22:30","guid":{"rendered":"https:\/\/ifsgen.umfst.ro\/?page_id=103"},"modified":"2022-09-01T10:41:52","modified_gmt":"2022-09-01T10:41:52","slug":"resurse-pentru-profesori","status":"publish","type":"page","link":"https:\/\/ifsgen.umfst.ro\/en\/resurse-pentru-profesori\/","title":{"rendered":"For history teachers and researchers"},"content":{"rendered":"<p>IFSGen aims to promote awareness regarding the necessity of integrating topics related to women's history and gender studies into secondary and higher education curricula. To achieve this goal, our objective is to furnish teachers and researchers with relevant links and recommendations for valuable resources and information. This support aids them in refining their teaching methodologies to effectively advocate for women's history within educational settings. <\/p>\n\n\n\n<p>Resources for women's history in Europe: <\/p>\n\n\n\n<p>These resources serve a dual purpose, acting as valuable references for research and sources for teaching activities.<\/p>\n\n\n\n<p><em>Historiana<\/em> Historiana is one of the most important online platforms for history and social education teachers. In addition to teaching materials for world history, there are also useful resources for integrating women's history as a subject in history lessons. <\/p>\n\n\n\n<p><a href=\"https:\/\/historiana.eu\/historical-content\">https:\/\/historiana.eu\/historical-content<\/a><\/p>\n\n\n\n<p>Regarding women's involvement in the First World War, valuable resources can be accessed here:<\/p>\n\n\n\n<p><a href=\"https:\/\/www.bbc.co.uk\/teach\/class-clips-video\/history-ks3-gcse-women-of-world-war-one\/zfxcmfr\">https:\/\/www.bbc.co.uk\/teach\/class-clips-video\/history-ks3-gcse-women-of-world-war-one\/zfxcmfr<\/a><\/p>\n\n\n\n<p><a href=\"https:\/\/www.bl.uk\/world-war-one\/articles\/women-in-world-war-one-propaganda\">https:\/\/www.bl.uk\/world-war-one\/articles\/women-in-world-war-one-propaganda<\/a><\/p>","protected":false},"excerpt":{"rendered":"<p>IFSGen dore\u0219te s\u0103 atrag\u0103 aten\u021bia asupra necesit\u0103\u021bii introducerii temelor de istoria femeilor \u0219i studiile de gen \u00een \u00eenv\u0103\u021b\u0103m\u00e2tul preuniversitar \u0219i universitar. \u00cen acest sens, ne-am propus s\u0103 oferim profesorilor \u0219i cercet\u0103torilor link-uri c\u0103tre resurse utile \u0219i informa\u021bii care s\u0103 \u00eei ajute \u00een realizarea unor demersuri didactice prin care s\u0103 promoveze istoria femeilor \u00een sala de &hellip; <\/p>\n<p class=\"link-more\"><a href=\"https:\/\/ifsgen.umfst.ro\/en\/resurse-pentru-profesori\/\" class=\"more-link\">Read the full post &rarr;<span class=\"screen-reader-text\">&#8222;Resurse pentru profesori \u0219i cercet\u0103tori&#8221;<\/span><\/a><\/p>","protected":false},"author":1,"featured_media":0,"parent":0,"menu_order":0,"comment_status":"closed","ping_status":"closed","template":"","meta":{"footnotes":""},"_links":{"self":[{"href":"https:\/\/ifsgen.umfst.ro\/en\/wp-json\/wp\/v2\/pages\/103"}],"collection":[{"href":"https:\/\/ifsgen.umfst.ro\/en\/wp-json\/wp\/v2\/pages"}],"about":[{"href":"https:\/\/ifsgen.umfst.ro\/en\/wp-json\/wp\/v2\/types\/page"}],"author":[{"embeddable":true,"href":"https:\/\/ifsgen.umfst.ro\/en\/wp-json\/wp\/v2\/users\/1"}],"replies":[{"embeddable":true,"href":"https:\/\/ifsgen.umfst.ro\/en\/wp-json\/wp\/v2\/comments?post=103"}],"version-history":[{"count":11,"href":"https:\/\/ifsgen.umfst.ro\/en\/wp-json\/wp\/v2\/pages\/103\/revisions"}],"predecessor-version":[{"id":278,"href":"https:\/\/ifsgen.umfst.ro\/en\/wp-json\/wp\/v2\/pages\/103\/revisions\/278"}],"wp:attachment":[{"href":"https:\/\/ifsgen.umfst.ro\/en\/wp-json\/wp\/v2\/media?parent=103"}],"curies":[{"name":"wp","href":"https:\/\/api.w.org\/{rel}","templated":true}]}}