{"id":101,"date":"2022-03-22T09:21:50","date_gmt":"2022-03-22T09:21:50","guid":{"rendered":"https:\/\/ifsgen.umfst.ro\/?page_id=101"},"modified":"2024-05-20T11:50:51","modified_gmt":"2024-05-20T11:50:51","slug":"workshopuri","status":"publish","type":"page","link":"https:\/\/ifsgen.umfst.ro\/en\/workshopuri\/","title":{"rendered":"20th October 2023"},"content":{"rendered":"<div class=\"wp-block-group is-nowrap is-layout-flex wp-container-core-group-is-layout-1 wp-block-group-is-layout-flex\">\n<figure class=\"wp-block-image size-large is-resized\"><img loading=\"lazy\" decoding=\"async\" width=\"1024\" height=\"536\" src=\"https:\/\/ifsgen.umfst.ro\/wp-content\/uploads\/2024\/05\/Muzeul_de_Istorie_Workshop_FB-event-cover-1024x536.png\" alt=\"\" class=\"wp-image-552\" style=\"width:480px;height:auto\" srcset=\"https:\/\/ifsgen.umfst.ro\/wp-content\/uploads\/2024\/05\/Muzeul_de_Istorie_Workshop_FB-event-cover-1024x536.png 1024w, https:\/\/ifsgen.umfst.ro\/wp-content\/uploads\/2024\/05\/Muzeul_de_Istorie_Workshop_FB-event-cover-300x157.png 300w, https:\/\/ifsgen.umfst.ro\/wp-content\/uploads\/2024\/05\/Muzeul_de_Istorie_Workshop_FB-event-cover-768x402.png 768w, https:\/\/ifsgen.umfst.ro\/wp-content\/uploads\/2024\/05\/Muzeul_de_Istorie_Workshop_FB-event-cover-1536x804.png 1536w, https:\/\/ifsgen.umfst.ro\/wp-content\/uploads\/2024\/05\/Muzeul_de_Istorie_Workshop_FB-event-cover-2048x1072.png 2048w, https:\/\/ifsgen.umfst.ro\/wp-content\/uploads\/2024\/05\/Muzeul_de_Istorie_Workshop_FB-event-cover-18x9.png 18w\" sizes=\"(max-width: 1024px) 100vw, 1024px\" \/><\/figure>\n\n\n\n<p class=\"has-text-align-center\">Online workshop: <strong>Directions and Research Themes in University Museums in Romania<\/strong> <strong>Study case: <\/strong><em>Female Presence in the Romanian Academic Environment. A Possible History?<\/em><\/p>\n<\/div>\n\n\n\n<div class=\"wp-block-group is-nowrap is-layout-flex wp-container-core-group-is-layout-2 wp-block-group-is-layout-flex\">\n<p class=\"has-text-align-left\">The main purpose of the online workshop was to bring together specialists (researchers, museographers, documentalists, etc.) from various fields (social sciences, humanities, sciences, medicine, etc.) who work in university museums in Romania. We aim to discuss the main research directions promoted in university museums in our country and the role of these institutions in protecting and promoting the tangible and intangible cultural heritage of our universities.<\/p>\n<\/div>\n\n\n\n<p>The initiative to organize the workshop belongs to the Museum of History of Babe\u0219-Bolyai University in Cluj-Napoca (Dr. Claudia Septimia Sab\u0103u and Dr. Ana-Maria Stan), together with the \"George Emil Palade\" University Museum of UMFST \"G.E. Palade\" in T\u00e2rgu Mure\u0219 (Dr. Georgeta Fodor).<\/p>","protected":false},"excerpt":{"rendered":"<p>Workshop online: Direc\u021bii \u0219i teme de cercetare \u00een muzeele universitare din Rom\u00e2nia. Studiu de caz: Prezen\u021be feminine \u00een mediul academic rom\u00e2nesc. O istorie posibil\u0103? Principalul scop al Workshop-ului on line a fost s\u0103 reuneasc\u0103 speciali\u0219ti (cercet\u0103tori, muzeografi, documentari\u0219ti \u0219.a.) din varii domenii (socio-umane, \u0219tiin\u021be, medicin\u0103 \u0219.a.), care activeaz\u0103 \u00een muzeele universitare din Rom\u00e2nia. Ne propunem &hellip; <\/p>\n<p class=\"link-more\"><a href=\"https:\/\/ifsgen.umfst.ro\/en\/workshopuri\/\" class=\"more-link\">Read the full post &rarr;<span class=\"screen-reader-text\">&#8222;20 octombrie 2023&#8221;<\/span><\/a><\/p>","protected":false},"author":1,"featured_media":0,"parent":0,"menu_order":0,"comment_status":"closed","ping_status":"closed","template":"","meta":{"footnotes":""},"_links":{"self":[{"href":"https:\/\/ifsgen.umfst.ro\/en\/wp-json\/wp\/v2\/pages\/101"}],"collection":[{"href":"https:\/\/ifsgen.umfst.ro\/en\/wp-json\/wp\/v2\/pages"}],"about":[{"href":"https:\/\/ifsgen.umfst.ro\/en\/wp-json\/wp\/v2\/types\/page"}],"author":[{"embeddable":true,"href":"https:\/\/ifsgen.umfst.ro\/en\/wp-json\/wp\/v2\/users\/1"}],"replies":[{"embeddable":true,"href":"https:\/\/ifsgen.umfst.ro\/en\/wp-json\/wp\/v2\/comments?post=101"}],"version-history":[{"count":3,"href":"https:\/\/ifsgen.umfst.ro\/en\/wp-json\/wp\/v2\/pages\/101\/revisions"}],"predecessor-version":[{"id":553,"href":"https:\/\/ifsgen.umfst.ro\/en\/wp-json\/wp\/v2\/pages\/101\/revisions\/553"}],"wp:attachment":[{"href":"https:\/\/ifsgen.umfst.ro\/en\/wp-json\/wp\/v2\/media?parent=101"}],"curies":[{"name":"wp","href":"https:\/\/api.w.org\/{rel}","templated":true}]}}